{"id":7723,"date":"2025-08-20T12:44:29","date_gmt":"2025-08-20T09:44:29","guid":{"rendered":"https:\/\/hassecavekonak.com\/?page_id=7723"},"modified":"2026-04-08T00:17:47","modified_gmt":"2026-04-07T21:17:47","slug":"surdurulebilirlik-politikasi","status":"publish","type":"page","link":"https:\/\/hassecavekonak.com\/index.php\/surdurulebilirlik-politikasi\/","title":{"rendered":"Su\u0308rdu\u0308ru\u0308lebilirlik Politikas\u0131"},"content":{"rendered":"\t\t<div data-elementor-type=\"wp-page\" data-elementor-id=\"7723\" class=\"elementor elementor-7723\">\n\t\t\t\t\t\t<section class=\"elementor-section elementor-top-section elementor-element elementor-element-45a632bf elementor-section-stretched elementor-section-content-middle elementor-section-boxed elementor-section-height-default elementor-section-height-default\" data-id=\"45a632bf\" data-element_type=\"section\" data-settings=\"{&quot;stretch_section&quot;:&quot;section-stretched&quot;,&quot;background_background&quot;:&quot;classic&quot;}\">\n\t\t\t\t\t\t\t<div class=\"elementor-background-overlay\"><\/div>\n\t\t\t\t\t\t\t<div class=\"elementor-container elementor-column-gap-default\">\n\t\t\t\t\t<div class=\"elementor-column elementor-col-100 elementor-top-column elementor-element elementor-element-7ed7bcea\" data-id=\"7ed7bcea\" data-element_type=\"column\">\n\t\t\t<div class=\"elementor-widget-wrap elementor-element-populated\">\n\t\t\t\t\t\t<div class=\"elementor-element elementor-element-3af9efd8 elementor-widget elementor-widget-heading\" data-id=\"3af9efd8\" data-element_type=\"widget\" data-widget_type=\"heading.default\">\n\t\t\t\t<div class=\"elementor-widget-container\">\n\t\t\t<style>\/*! elementor - v3.19.0 - 28-02-2024 *\/\n.elementor-heading-title{padding:0;margin:0;line-height:1}.elementor-widget-heading .elementor-heading-title[class*=elementor-size-]>a{color:inherit;font-size:inherit;line-height:inherit}.elementor-widget-heading .elementor-heading-title.elementor-size-small{font-size:15px}.elementor-widget-heading .elementor-heading-title.elementor-size-medium{font-size:19px}.elementor-widget-heading .elementor-heading-title.elementor-size-large{font-size:29px}.elementor-widget-heading .elementor-heading-title.elementor-size-xl{font-size:39px}.elementor-widget-heading .elementor-heading-title.elementor-size-xxl{font-size:59px}<\/style><h1 class=\"elementor-heading-title elementor-size-default\">Su\u0308rdu\u0308ru\u0308lebilirlik Politikas\u0131 <\/h1>\t\t<\/div>\n\t\t\t\t<\/div>\n\t\t\t\t\t<\/div>\n\t\t<\/div>\n\t\t\t\t\t<\/div>\n\t\t<\/section>\n\t\t\t\t<section class=\"elementor-section elementor-top-section elementor-element elementor-element-3970322c elementor-section-content-middle elementor-section-stretched elementor-section-boxed elementor-section-height-default elementor-section-height-default\" data-id=\"3970322c\" data-element_type=\"section\" data-settings=\"{&quot;stretch_section&quot;:&quot;section-stretched&quot;,&quot;background_background&quot;:&quot;classic&quot;}\">\n\t\t\t\t\t\t\t<div class=\"elementor-background-overlay\"><\/div>\n\t\t\t\t\t\t\t<div class=\"elementor-container elementor-column-gap-default\">\n\t\t\t\t\t<div class=\"elementor-column elementor-col-50 elementor-top-column elementor-element elementor-element-7b60ff65\" data-id=\"7b60ff65\" data-element_type=\"column\" data-settings=\"{&quot;background_background&quot;:&quot;classic&quot;}\">\n\t\t\t<div class=\"elementor-widget-wrap elementor-element-populated\">\n\t\t\t\t\t\t<div class=\"elementor-element elementor-element-eb6f2c6 elementor-widget elementor-widget-spacer\" data-id=\"eb6f2c6\" data-element_type=\"widget\" data-widget_type=\"spacer.default\">\n\t\t\t\t<div class=\"elementor-widget-container\">\n\t\t\t<style>\/*! elementor - v3.19.0 - 28-02-2024 *\/\n.elementor-column .elementor-spacer-inner{height:var(--spacer-size)}.e-con{--container-widget-width:100%}.e-con-inner>.elementor-widget-spacer,.e-con>.elementor-widget-spacer{width:var(--container-widget-width,var(--spacer-size));--align-self:var(--container-widget-align-self,initial);--flex-shrink:0}.e-con-inner>.elementor-widget-spacer>.elementor-widget-container,.e-con>.elementor-widget-spacer>.elementor-widget-container{height:100%;width:100%}.e-con-inner>.elementor-widget-spacer>.elementor-widget-container>.elementor-spacer,.e-con>.elementor-widget-spacer>.elementor-widget-container>.elementor-spacer{height:100%}.e-con-inner>.elementor-widget-spacer>.elementor-widget-container>.elementor-spacer>.elementor-spacer-inner,.e-con>.elementor-widget-spacer>.elementor-widget-container>.elementor-spacer>.elementor-spacer-inner{height:var(--container-widget-height,var(--spacer-size))}.e-con-inner>.elementor-widget-spacer.elementor-widget-empty,.e-con>.elementor-widget-spacer.elementor-widget-empty{position:relative;min-height:22px;min-width:22px}.e-con-inner>.elementor-widget-spacer.elementor-widget-empty .elementor-widget-empty-icon,.e-con>.elementor-widget-spacer.elementor-widget-empty .elementor-widget-empty-icon{position:absolute;top:0;bottom:0;left:0;right:0;margin:auto;padding:0;width:22px;height:22px}<\/style>\t\t<div class=\"elementor-spacer\">\n\t\t\t<div class=\"elementor-spacer-inner\"><\/div>\n\t\t<\/div>\n\t\t\t\t<\/div>\n\t\t\t\t<\/div>\n\t\t\t\t\t<\/div>\n\t\t<\/div>\n\t\t\t\t<div class=\"elementor-column elementor-col-50 elementor-top-column elementor-element elementor-element-6d748c45\" data-id=\"6d748c45\" data-element_type=\"column\">\n\t\t\t<div class=\"elementor-widget-wrap elementor-element-populated\">\n\t\t\t\t\t\t<div class=\"elementor-element elementor-element-6bc598f elementor-widget elementor-widget-heading\" data-id=\"6bc598f\" data-element_type=\"widget\" data-widget_type=\"heading.default\">\n\t\t\t\t<div class=\"elementor-widget-container\">\n\t\t\t<h1 class=\"elementor-heading-title elementor-size-default\">S\u00dcRD\u00dcR\u00dcLEB\u0130L\u0130RL\u0130K POL\u0130T\u0130KAMIZ<\/h1>\t\t<\/div>\n\t\t\t\t<\/div>\n\t\t\t\t<section class=\"elementor-section elementor-inner-section elementor-element elementor-element-12e1ad22 elementor-section-full_width elementor-section-height-default elementor-section-height-default\" data-id=\"12e1ad22\" data-element_type=\"section\">\n\t\t\t\t\t\t<div class=\"elementor-container elementor-column-gap-default\">\n\t\t\t\t\t<div class=\"elementor-column elementor-col-100 elementor-inner-column elementor-element elementor-element-314dc62a\" data-id=\"314dc62a\" data-element_type=\"column\">\n\t\t\t<div class=\"elementor-widget-wrap elementor-element-populated\">\n\t\t\t\t\t\t<div class=\"elementor-element elementor-element-1768e98 elementor-widget elementor-widget-heading\" data-id=\"1768e98\" data-element_type=\"widget\" data-widget_type=\"heading.default\">\n\t\t\t\t<div class=\"elementor-widget-container\">\n\t\t\t<p class=\"elementor-heading-title elementor-size-default\">\u015eirketimiz, d\u00fcnya ve T\u00fcrkiye turizminde konaklama sekt\u00f6r\u00fcnde faaliyet g\u00f6stermektedir. S\u00fcrd\u00fcr\u00fclebilirli\u011fi, \u00e7evresel, sosyal ve kurumsal y\u00f6neti\u015fim uygulamalar\u0131n\u0131 de\u011ferlendirerek mevcut faaliyetlerimize ve gelecek yat\u0131r\u0131mlar\u0131m\u0131za entegre etmeyi hedefliyoruz. Artan d\u00fcnya n\u00fcfusu ve talepler do\u011frultusunda, do\u011fal kaynaklar\u0131n korunmas\u0131n\u0131 sa\u011flayan bilin\u00e7li t\u00fcketim y\u00f6ntemlerini ve alternatif kaynaklar\u0131 ara\u015ft\u0131ran s\u00fcrd\u00fcr\u00fclebilir kalk\u0131nma yakla\u015f\u0131m\u0131n\u0131 benimsiyoruz.\nS\u00fcrd\u00fcr\u00fclebilirlik politikam\u0131z, \u015firket faaliyetlerimizin temelini olu\u015fturmaktad\u0131r. Y\u00f6netim kurulumuzdan t\u00fcm departmanlar\u0131m\u0131za kadar her kademede uygulanacak i\u015f modelimize d\u00e2hil edilmi\u015ftir. \u0130klim de\u011fi\u015fikli\u011fi, yoksulluk, a\u00e7l\u0131k, e\u015fitsizlikler, su k\u0131tl\u0131\u011f\u0131 ve biyo\u00e7e\u015fitlili\u011fin kayb\u0131 gibi k\u00fcresel sorunlara kar\u015f\u0131 BM S\u00fcrd\u00fcr\u00fclebilir Kalk\u0131nma Hedeflerine olan sorumlulu\u011fumuzun bilincindeyiz.\n<\/p>\t\t<\/div>\n\t\t\t\t<\/div>\n\t\t\t\t\t<\/div>\n\t\t<\/div>\n\t\t\t\t\t<\/div>\n\t\t<\/section>\n\t\t\t\t\t<\/div>\n\t\t<\/div>\n\t\t\t\t\t<\/div>\n\t\t<\/section>\n\t\t\t\t<section class=\"elementor-section elementor-top-section elementor-element elementor-element-648f3887 elementor-section-full_width elementor-section-content-middle elementor-section-height-default elementor-section-height-default\" data-id=\"648f3887\" data-element_type=\"section\">\n\t\t\t\t\t\t<div class=\"elementor-container elementor-column-gap-default\">\n\t\t\t\t\t<div class=\"elementor-column elementor-col-33 elementor-top-column elementor-element elementor-element-1254513\" data-id=\"1254513\" data-element_type=\"column\">\n\t\t\t<div class=\"elementor-widget-wrap\">\n\t\t\t\t\t\t\t<\/div>\n\t\t<\/div>\n\t\t\t\t<div class=\"elementor-column elementor-col-33 elementor-top-column elementor-element elementor-element-45962db9\" data-id=\"45962db9\" data-element_type=\"column\">\n\t\t\t<div class=\"elementor-widget-wrap elementor-element-populated\">\n\t\t\t\t\t\t<div class=\"elementor-element elementor-element-10e31d8 elementor-widget elementor-widget-spacer\" data-id=\"10e31d8\" data-element_type=\"widget\" data-widget_type=\"spacer.default\">\n\t\t\t\t<div class=\"elementor-widget-container\">\n\t\t\t\t\t<div class=\"elementor-spacer\">\n\t\t\t<div class=\"elementor-spacer-inner\"><\/div>\n\t\t<\/div>\n\t\t\t\t<\/div>\n\t\t\t\t<\/div>\n\t\t\t\t\t<\/div>\n\t\t<\/div>\n\t\t\t\t<div class=\"elementor-column elementor-col-33 elementor-top-column elementor-element elementor-element-7e598b6c\" data-id=\"7e598b6c\" data-element_type=\"column\">\n\t\t\t<div class=\"elementor-widget-wrap\">\n\t\t\t\t\t\t\t<\/div>\n\t\t<\/div>\n\t\t\t\t\t<\/div>\n\t\t<\/section>\n\t\t\t\t<section class=\"elementor-section elementor-top-section elementor-element elementor-element-6c2e559 elementor-section-stretched elementor-section-boxed elementor-section-height-default elementor-section-height-default\" data-id=\"6c2e559\" data-element_type=\"section\" data-settings=\"{&quot;background_background&quot;:&quot;classic&quot;,&quot;stretch_section&quot;:&quot;section-stretched&quot;}\">\n\t\t\t\t\t\t\t<div class=\"elementor-background-overlay\"><\/div>\n\t\t\t\t\t\t\t<div class=\"elementor-container elementor-column-gap-default\">\n\t\t\t\t\t<div class=\"elementor-column elementor-col-100 elementor-top-column elementor-element elementor-element-c65033c\" data-id=\"c65033c\" data-element_type=\"column\">\n\t\t\t<div class=\"elementor-widget-wrap elementor-element-populated\">\n\t\t\t\t\t\t<div class=\"elementor-element elementor-element-9cae650 elementor-widget elementor-widget-text-editor\" data-id=\"9cae650\" data-element_type=\"widget\" data-widget_type=\"text-editor.default\">\n\t\t\t\t<div class=\"elementor-widget-container\">\n\t\t\t<style>\/*! elementor - v3.19.0 - 28-02-2024 *\/\n.elementor-widget-text-editor.elementor-drop-cap-view-stacked .elementor-drop-cap{background-color:#69727d;color:#fff}.elementor-widget-text-editor.elementor-drop-cap-view-framed .elementor-drop-cap{color:#69727d;border:3px solid;background-color:transparent}.elementor-widget-text-editor:not(.elementor-drop-cap-view-default) .elementor-drop-cap{margin-top:8px}.elementor-widget-text-editor:not(.elementor-drop-cap-view-default) .elementor-drop-cap-letter{width:1em;height:1em}.elementor-widget-text-editor .elementor-drop-cap{float:left;text-align:center;line-height:1;font-size:50px}.elementor-widget-text-editor .elementor-drop-cap-letter{display:inline-block}<\/style>\t\t\t\t<p>Yat\u0131r\u0131mlar\u0131m\u0131z\u0131 b\u00fcy\u00fcterek ya\u015fam standartlar\u0131n\u0131 ve refah\u0131 art\u0131rmay\u0131 hedefliyoruz. \u00c7al\u0131\u015fmalar\u0131m\u0131z\u0131 ve karar alma s\u00fcre\u00e7lerimizi y\u00fcr\u00fct\u00fcrken s\u00fcrd\u00fcr\u00fclebilir kalk\u0131nmay\u0131 te\u015fvik etmeye \u00f6ncelik veriyoruz. Ekolojik, ekonomik ve sosyal boyutlara olan etkimizin bilincindeyiz ve 2030 y\u0131l\u0131na kadar a\u015fa\u011f\u0131daki S\u00fcrd\u00fcr\u00fclebilir Kalk\u0131nma Hedeflerine odaklanarak faaliyetlerimizi bu hedeflere g\u00f6re \u015fekillendirmeye kararl\u0131y\u0131z:<\/p>\n<ul>\n<li><strong>Enerji Verimlili\u011fi:<\/strong> Daha az enerji t\u00fcketen teknolojilere yat\u0131r\u0131m yaparak insan sa\u011fl\u0131\u011f\u0131na, biyo\u00e7e\u015fitlili\u011fe ve \u00e7evre kaynaklar\u0131na sayg\u0131l\u0131 \u00fcretim ve hizmetler sunuyoruz. Sera gaz\u0131 emisyonlar\u0131n\u0131 ve karbon ayak izimizi azaltmaya y\u00f6nelik inovatif teknolojileri projelerimize entegre ediyoruz. Avrupa Ye\u015fil Mutabakat\u0131 \u00e7er\u00e7evesinde at\u0131klar\u0131 azaltma, kaynaklar\u0131 verimli kullanma, kimyasallar\u0131 ve enerjiyi geri kazanma \u00e7al\u0131\u015fmalar\u0131 y\u00fcr\u00fct\u00fcyoruz.<\/li>\n<li><strong>S\u00fcrd\u00fcr\u00fclebilirlik Komitesi:<\/strong> Y\u00f6netim kurulumuzun aktif kat\u0131l\u0131m\u0131yla S\u00fcrd\u00fcr\u00fclebilirlik Komitemiz, s\u00fcrd\u00fcr\u00fclebilir uygulamalara ili\u015fkin fark\u0131ndal\u0131k sa\u011flamakta, politikalar\u0131m\u0131zla \u00e7eli\u015fen konular\u0131 inceleyip raporlamaktad\u0131r. K\u0131sa, orta ve uzun vadeli s\u00fcrd\u00fcr\u00fclebilirlik hedefleri belirleyip iyile\u015ftirmeler yap\u0131yoruz.<\/li>\n<li><strong>Raporlama ve \u0130yile\u015ftirme:<\/strong> Raporlar\u0131m\u0131zda, faaliyetlerimizin yaratt\u0131\u011f\u0131 olumlu ve olumsuz sonu\u00e7lar\u0131 i\u00e7 ve d\u0131\u015f denetimlerle de\u011ferlendirip iyile\u015ftirme aksiyonlar\u0131 al\u0131yoruz. Sosyal, \u00e7evresel ve ekonomik iyile\u015ftirmeleri destekleyen \u00e7al\u0131\u015fmalar geli\u015ftiriyoruz ve ulusal ve uluslararas\u0131 standartlar\u0131 uygulayarak payda\u015flar\u0131m\u0131z\u0131n ihtiya\u00e7lar\u0131na en iyi \u015fekilde cevap veriyoruz.<\/li>\n<li><strong>\u00c7evresel ve Sosyal Y\u00f6netim:<\/strong> \u00c7evresel ve sosyal y\u00f6netim planlar\u0131m\u0131z do\u011frultusunda, At\u0131k ve At\u0131ksu Y\u00f6netimi, K\u00fclt\u00fcrel Miras, \u00c7evresel ve Sosyal Acil Durumlar, \u0130\u00e7 ve D\u0131\u015f \u015eikayetler, Sa\u011fl\u0131k ve G\u00fcvenlik, \u0130nsan Kaynaklar\u0131, Payda\u015f Kat\u0131l\u0131m\u0131, E\u011fitim ve Su Kaynaklar\u0131 Y\u00f6netimi gibi alanlarda aksiyonlar al\u0131yoruz. \u00c7evre y\u00f6netim sistemleri kapsam\u0131nda \u00c7ED ve ba\u011f\u0131ms\u0131z \u00e7evre denetimleriyle karbon emisyonlar\u0131, enerji ve su t\u00fcketimlerini de\u011ferlendirip s\u00fcrekli iyile\u015ftirme hedefleri belirliyoruz.<\/li>\n<li><strong>At\u0131k Y\u00f6netimi:<\/strong> At\u0131k y\u00f6netiminde, \u00f6ncelikli hedefimiz at\u0131k miktar\u0131n\u0131 kayna\u011f\u0131nda azaltmak olup, \u00fcretilen at\u0131klar\u0131 t\u00fcrlerine g\u00f6re ayr\u0131\u015ft\u0131r\u0131yoruz.<\/li>\n<li><strong>Payda\u015f Kat\u0131l\u0131m\u0131:<\/strong> Yerel y\u00f6netimler, bakanl\u0131klar, STK&#8217;lar, medya, yerel topluluklar, \u00fcniversiteler, tedarik\u00e7iler, t\u00fcketiciler ve personellerimizle \u015feffaf ve a\u00e7\u0131k ileti\u015fim kanallar\u0131 sa\u011fl\u0131yoruz. T\u00fcketici memnuniyetini ve sadakatini takip ediyor, \u00e7al\u0131\u015fanlar\u0131m\u0131z\u0131n e\u011fitim ve geli\u015fimine yat\u0131r\u0131m yaparak yetkinliklerini art\u0131rmalar\u0131n\u0131 te\u015fvik ediyoruz.<\/li>\n<\/ul>\n<p>S\u00fcrd\u00fcr\u00fclebilirlik Politikam\u0131z, \u015firketimizin \u00e7evresel, sosyal ve kurumsal di\u011fer politikalar\u0131yla entegre bir \u015fekilde y\u00fcr\u00fct\u00fclmektedir. Y\u00f6netimimiz, bu politikada belirtilen gereklilikleri yerine getirmeyi taahh\u00fct eder ve t\u00fcm \u00e7al\u0131\u015fanlar\u0131m\u0131zdan ayn\u0131 taahh\u00fctleri yerine getirmelerini bekleriz.<\/p>\t\t\t\t\t\t<\/div>\n\t\t\t\t<\/div>\n\t\t\t\t\t<\/div>\n\t\t<\/div>\n\t\t\t\t\t<\/div>\n\t\t<\/section>\n\t\t\t\t<\/div>\n\t\t","protected":false},"excerpt":{"rendered":"<p>Su\u0308rdu\u0308ru\u0308lebilirlik Politikas\u0131 S\u00dcRD\u00dcR\u00dcLEB\u0130L\u0130RL\u0130K POL\u0130T\u0130KAMIZ \u015eirketimiz, d\u00fcnya ve T\u00fcrkiye turizminde konaklama sekt\u00f6r\u00fcnde faaliyet g\u00f6stermektedir. S\u00fcrd\u00fcr\u00fclebilirli\u011fi, \u00e7evresel, sosyal ve kurumsal y\u00f6neti\u015fim uygulamalar\u0131n\u0131 de\u011ferlendirerek mevcut faaliyetlerimize ve gelecek yat\u0131r\u0131mlar\u0131m\u0131za entegre etmeyi hedefliyoruz. Artan d\u00fcnya n\u00fcfusu ve talepler do\u011frultusunda, do\u011fal kaynaklar\u0131n korunmas\u0131n\u0131 sa\u011flayan bilin\u00e7li t\u00fcketim y\u00f6ntemlerini ve alternatif kaynaklar\u0131 ara\u015ft\u0131ran s\u00fcrd\u00fcr\u00fclebilir kalk\u0131nma yakla\u015f\u0131m\u0131n\u0131 benimsiyoruz. S\u00fcrd\u00fcr\u00fclebilirlik politikam\u0131z, \u015firket faaliyetlerimizin temelini [&hellip;]<\/p>\n","protected":false},"author":1,"featured_media":0,"parent":0,"menu_order":0,"comment_status":"closed","ping_status":"closed","template":"","meta":{"footnotes":""},"class_list":["post-7723","page","type-page","status-publish","hentry"],"_links":{"self":[{"href":"https:\/\/hassecavekonak.com\/index.php\/wp-json\/wp\/v2\/pages\/7723","targetHints":{"allow":["GET"]}}],"collection":[{"href":"https:\/\/hassecavekonak.com\/index.php\/wp-json\/wp\/v2\/pages"}],"about":[{"href":"https:\/\/hassecavekonak.com\/index.php\/wp-json\/wp\/v2\/types\/page"}],"author":[{"embeddable":true,"href":"https:\/\/hassecavekonak.com\/index.php\/wp-json\/wp\/v2\/users\/1"}],"replies":[{"embeddable":true,"href":"https:\/\/hassecavekonak.com\/index.php\/wp-json\/wp\/v2\/comments?post=7723"}],"version-history":[{"count":4,"href":"https:\/\/hassecavekonak.com\/index.php\/wp-json\/wp\/v2\/pages\/7723\/revisions"}],"predecessor-version":[{"id":7727,"href":"https:\/\/hassecavekonak.com\/index.php\/wp-json\/wp\/v2\/pages\/7723\/revisions\/7727"}],"wp:attachment":[{"href":"https:\/\/hassecavekonak.com\/index.php\/wp-json\/wp\/v2\/media?parent=7723"}],"curies":[{"name":"wp","href":"https:\/\/api.w.org\/{rel}","templated":true}]}}