{"id":7466,"date":"2024-04-02T10:40:27","date_gmt":"2024-04-02T07:40:27","guid":{"rendered":"https:\/\/hassecavekonak.com\/?page_id=7466"},"modified":"2026-04-08T00:17:48","modified_gmt":"2026-04-07T21:17:48","slug":"odalar","status":"publish","type":"page","link":"https:\/\/hassecavekonak.com\/index.php\/odalar\/","title":{"rendered":"odalar"},"content":{"rendered":"\t\t<div data-elementor-type=\"wp-page\" data-elementor-id=\"7466\" class=\"elementor elementor-7466\">\n\t\t\t\t\t\t<section class=\"elementor-section elementor-top-section elementor-element elementor-element-b317d7d elementor-section-stretched elementor-section-full_width elementor-section-height-default elementor-section-height-default\" data-id=\"b317d7d\" data-element_type=\"section\" data-settings=\"{&quot;stretch_section&quot;:&quot;section-stretched&quot;,&quot;background_background&quot;:&quot;classic&quot;}\">\n\t\t\t\t\t\t\t<div class=\"elementor-background-overlay\"><\/div>\n\t\t\t\t\t\t\t<div class=\"elementor-container elementor-column-gap-no\">\n\t\t\t\t\t<div class=\"elementor-column elementor-col-100 elementor-top-column elementor-element elementor-element-ef9b566\" data-id=\"ef9b566\" data-element_type=\"column\">\n\t\t\t<div class=\"elementor-widget-wrap elementor-element-populated\">\n\t\t\t\t\t\t<div class=\"elementor-element elementor-element-69d0165 elementor-widget elementor-widget-heading\" data-id=\"69d0165\" data-element_type=\"widget\" data-widget_type=\"heading.default\">\n\t\t\t\t<div class=\"elementor-widget-container\">\n\t\t\t<style>\/*! elementor - v3.19.0 - 28-02-2024 *\/\n.elementor-heading-title{padding:0;margin:0;line-height:1}.elementor-widget-heading .elementor-heading-title[class*=elementor-size-]>a{color:inherit;font-size:inherit;line-height:inherit}.elementor-widget-heading .elementor-heading-title.elementor-size-small{font-size:15px}.elementor-widget-heading .elementor-heading-title.elementor-size-medium{font-size:19px}.elementor-widget-heading .elementor-heading-title.elementor-size-large{font-size:29px}.elementor-widget-heading .elementor-heading-title.elementor-size-xl{font-size:39px}.elementor-widget-heading .elementor-heading-title.elementor-size-xxl{font-size:59px}<\/style><h2 class=\"elementor-heading-title elementor-size-default\">Odalar<\/h2>\t\t<\/div>\n\t\t\t\t<\/div>\n\t\t\t\t\t<\/div>\n\t\t<\/div>\n\t\t\t\t\t<\/div>\n\t\t<\/section>\n\t\t\t\t<section class=\"elementor-section elementor-top-section elementor-element elementor-element-7ec1d20 elementor-section-stretched elementor-section-boxed elementor-section-height-default elementor-section-height-default\" data-id=\"7ec1d20\" data-element_type=\"section\" data-settings=\"{&quot;stretch_section&quot;:&quot;section-stretched&quot;}\">\n\t\t\t\t\t\t<div class=\"elementor-container elementor-column-gap-no\">\n\t\t\t\t\t<div class=\"elementor-column elementor-col-100 elementor-top-column elementor-element elementor-element-dc35ea5\" data-id=\"dc35ea5\" data-element_type=\"column\">\n\t\t\t<div class=\"elementor-widget-wrap elementor-element-populated\">\n\t\t\t\t\t\t<div class=\"elementor-element elementor-element-3810023 elementor-widget elementor-widget-woogrid\" data-id=\"3810023\" data-element_type=\"widget\" data-widget_type=\"woogrid.default\">\n\t\t\t\t<div class=\"elementor-widget-container\">\n\t\t\t\n<div class=\"nd_elements_section nd_elements_woogrid_l3 nd_elements_masonry_content\">\n    \t<div class=\" nd_elements_width_25_percentage nd_elements_width_100_percentage_responsive nd_elements_float_left nd_elements_masonry_item nd_elements_padding_15 nd_elements_box_sizing_border_box\">\n\n    \t\t<a class=\"nd_elements_section nd_elements_position_absolute nd_elements_width_100_percentage nd_elements_height_100_percentage nd_elements_top_0 nd_elements_left_0 nd_elements_z_index_9\" href=\"https:\/\/hassecavekonak.com\/index.php\/product\/tandirli-oda-en\/\"><\/a>\n\n    \t\t<div class=\"nd_elements_section nd_elements_background_color_fff nd_elements_box_shadow_0_0_15_0_0001 nd_elements_position_relative\">\n\n    \t\t\t<div class=\"nd_elements_bg_greydark_alpha_gradient_2 nd_elements_position_absolute nd_elements_left_0 nd_elements_top_0 nd_elements_height_100_percentage nd_elements_width_100_percentage \"><\/div>\n\n\t\t        <div class=\"nd_elements_position_absolute nd_elements_bottom_0 nd_elements_text_align_center nd_elements_padding_20_30 nd_elements_box_sizing_border_box nd_elements_left_0 nd_elements_width_100_percentage\">\n\t\t\t    \t<h6 class=\"nd_elements_woogrid_l3_title nd_elements_color_fff_important nd_elements_word_break_break_word nd_elements_margin_0_important nd_elements_letter_spacing_1 nd_elements_font_weight_500 nd_elements_text_transform_uppercase\">Tand\u0131rl\u0131 Oda<\/h6>\n\t\t\t\t<\/div>\n\n\t    \t\t<a href=\"https:\/\/hassecavekonak.com\/index.php\/product\/tandirli-oda-en\/\"><img decoding=\"async\" class=\"nd_elements_section\" alt=\"\" src=\"https:\/\/hassecavekonak.com\/wp-content\/uploads\/2021\/03\/tandirli_oda4-1024x576.jpg\"><\/a>\n\n\t\t\t<\/div>\n\t    \t\n\t\t<\/div>\n    \t<div class=\" nd_elements_width_25_percentage nd_elements_width_100_percentage_responsive nd_elements_float_left nd_elements_masonry_item nd_elements_padding_15 nd_elements_box_sizing_border_box\">\n\n    \t\t<a class=\"nd_elements_section nd_elements_position_absolute nd_elements_width_100_percentage nd_elements_height_100_percentage nd_elements_top_0 nd_elements_left_0 nd_elements_z_index_9\" href=\"https:\/\/hassecavekonak.com\/index.php\/product\/kapadokya-en\/\"><\/a>\n\n    \t\t<div class=\"nd_elements_section nd_elements_background_color_fff nd_elements_box_shadow_0_0_15_0_0001 nd_elements_position_relative\">\n\n    \t\t\t<div class=\"nd_elements_bg_greydark_alpha_gradient_2 nd_elements_position_absolute nd_elements_left_0 nd_elements_top_0 nd_elements_height_100_percentage nd_elements_width_100_percentage \"><\/div>\n\n\t\t        <div class=\"nd_elements_position_absolute nd_elements_bottom_0 nd_elements_text_align_center nd_elements_padding_20_30 nd_elements_box_sizing_border_box nd_elements_left_0 nd_elements_width_100_percentage\">\n\t\t\t    \t<h6 class=\"nd_elements_woogrid_l3_title nd_elements_color_fff_important nd_elements_word_break_break_word nd_elements_margin_0_important nd_elements_letter_spacing_1 nd_elements_font_weight_500 nd_elements_text_transform_uppercase\">Kapadokya<\/h6>\n\t\t\t\t<\/div>\n\n\t    \t\t<a href=\"https:\/\/hassecavekonak.com\/index.php\/product\/kapadokya-en\/\"><img decoding=\"async\" class=\"nd_elements_section\" alt=\"\" src=\"https:\/\/hassecavekonak.com\/wp-content\/uploads\/2021\/03\/kapadokya8-1024x576.jpg\"><\/a>\n\n\t\t\t<\/div>\n\t    \t\n\t\t<\/div>\n    \t<div class=\" nd_elements_width_25_percentage nd_elements_width_100_percentage_responsive nd_elements_float_left nd_elements_masonry_item nd_elements_padding_15 nd_elements_box_sizing_border_box\">\n\n    \t\t<a class=\"nd_elements_section nd_elements_position_absolute nd_elements_width_100_percentage nd_elements_height_100_percentage nd_elements_top_0 nd_elements_left_0 nd_elements_z_index_9\" href=\"https:\/\/hassecavekonak.com\/index.php\/product\/munise-hanim-en\/\"><\/a>\n\n    \t\t<div class=\"nd_elements_section nd_elements_background_color_fff nd_elements_box_shadow_0_0_15_0_0001 nd_elements_position_relative\">\n\n    \t\t\t<div class=\"nd_elements_bg_greydark_alpha_gradient_2 nd_elements_position_absolute nd_elements_left_0 nd_elements_top_0 nd_elements_height_100_percentage nd_elements_width_100_percentage \"><\/div>\n\n\t\t        <div class=\"nd_elements_position_absolute nd_elements_bottom_0 nd_elements_text_align_center nd_elements_padding_20_30 nd_elements_box_sizing_border_box nd_elements_left_0 nd_elements_width_100_percentage\">\n\t\t\t    \t<h6 class=\"nd_elements_woogrid_l3_title nd_elements_color_fff_important nd_elements_word_break_break_word nd_elements_margin_0_important nd_elements_letter_spacing_1 nd_elements_font_weight_500 nd_elements_text_transform_uppercase\">Munise Han\u0131m<\/h6>\n\t\t\t\t<\/div>\n\n\t    \t\t<a href=\"https:\/\/hassecavekonak.com\/index.php\/product\/munise-hanim-en\/\"><img decoding=\"async\" class=\"nd_elements_section\" alt=\"\" src=\"https:\/\/hassecavekonak.com\/wp-content\/uploads\/2021\/03\/oda2-1024x576.jpg\"><\/a>\n\n\t\t\t<\/div>\n\t    \t\n\t\t<\/div>\n    \t<div class=\" nd_elements_width_25_percentage nd_elements_width_100_percentage_responsive nd_elements_float_left nd_elements_masonry_item nd_elements_padding_15 nd_elements_box_sizing_border_box\">\n\n    \t\t<a class=\"nd_elements_section nd_elements_position_absolute nd_elements_width_100_percentage nd_elements_height_100_percentage nd_elements_top_0 nd_elements_left_0 nd_elements_z_index_9\" href=\"https:\/\/hassecavekonak.com\/index.php\/product\/sedirli-room\/\"><\/a>\n\n    \t\t<div class=\"nd_elements_section nd_elements_background_color_fff nd_elements_box_shadow_0_0_15_0_0001 nd_elements_position_relative\">\n\n    \t\t\t<div class=\"nd_elements_bg_greydark_alpha_gradient_2 nd_elements_position_absolute nd_elements_left_0 nd_elements_top_0 nd_elements_height_100_percentage nd_elements_width_100_percentage \"><\/div>\n\n\t\t        <div class=\"nd_elements_position_absolute nd_elements_bottom_0 nd_elements_text_align_center nd_elements_padding_20_30 nd_elements_box_sizing_border_box nd_elements_left_0 nd_elements_width_100_percentage\">\n\t\t\t    \t<h6 class=\"nd_elements_woogrid_l3_title nd_elements_color_fff_important nd_elements_word_break_break_word nd_elements_margin_0_important nd_elements_letter_spacing_1 nd_elements_font_weight_500 nd_elements_text_transform_uppercase\">Sedirli Room<\/h6>\n\t\t\t\t<\/div>\n\n\t    \t\t<a href=\"https:\/\/hassecavekonak.com\/index.php\/product\/sedirli-room\/\"><img decoding=\"async\" class=\"nd_elements_section\" alt=\"\" src=\"https:\/\/hassecavekonak.com\/wp-content\/uploads\/2021\/03\/sedirli_oda6-1024x576.jpg\"><\/a>\n\n\t\t\t<\/div>\n\t    \t\n\t\t<\/div>\n    \t<div class=\" nd_elements_width_25_percentage nd_elements_width_100_percentage_responsive nd_elements_float_left nd_elements_masonry_item nd_elements_padding_15 nd_elements_box_sizing_border_box\">\n\n    \t\t<a class=\"nd_elements_section nd_elements_position_absolute nd_elements_width_100_percentage nd_elements_height_100_percentage nd_elements_top_0 nd_elements_left_0 nd_elements_z_index_9\" href=\"https:\/\/hassecavekonak.com\/index.php\/product\/goreme-en\/\"><\/a>\n\n    \t\t<div class=\"nd_elements_section nd_elements_background_color_fff nd_elements_box_shadow_0_0_15_0_0001 nd_elements_position_relative\">\n\n    \t\t\t<div class=\"nd_elements_bg_greydark_alpha_gradient_2 nd_elements_position_absolute nd_elements_left_0 nd_elements_top_0 nd_elements_height_100_percentage nd_elements_width_100_percentage \"><\/div>\n\n\t\t        <div class=\"nd_elements_position_absolute nd_elements_bottom_0 nd_elements_text_align_center nd_elements_padding_20_30 nd_elements_box_sizing_border_box nd_elements_left_0 nd_elements_width_100_percentage\">\n\t\t\t    \t<h6 class=\"nd_elements_woogrid_l3_title nd_elements_color_fff_important nd_elements_word_break_break_word nd_elements_margin_0_important nd_elements_letter_spacing_1 nd_elements_font_weight_500 nd_elements_text_transform_uppercase\">G\u00f6reme<\/h6>\n\t\t\t\t<\/div>\n\n\t    \t\t<a href=\"https:\/\/hassecavekonak.com\/index.php\/product\/goreme-en\/\"><img decoding=\"async\" class=\"nd_elements_section\" alt=\"\" src=\"https:\/\/hassecavekonak.com\/wp-content\/uploads\/2021\/11\/goreme2-1024x576.jpg\"><\/a>\n\n\t\t\t<\/div>\n\t    \t\n\t\t<\/div>\n    \t<div class=\" nd_elements_width_25_percentage nd_elements_width_100_percentage_responsive nd_elements_float_left nd_elements_masonry_item nd_elements_padding_15 nd_elements_box_sizing_border_box\">\n\n    \t\t<a class=\"nd_elements_section nd_elements_position_absolute nd_elements_width_100_percentage nd_elements_height_100_percentage nd_elements_top_0 nd_elements_left_0 nd_elements_z_index_9\" href=\"https:\/\/hassecavekonak.com\/index.php\/product\/derinkuyu-en\/\"><\/a>\n\n    \t\t<div class=\"nd_elements_section nd_elements_background_color_fff nd_elements_box_shadow_0_0_15_0_0001 nd_elements_position_relative\">\n\n    \t\t\t<div class=\"nd_elements_bg_greydark_alpha_gradient_2 nd_elements_position_absolute nd_elements_left_0 nd_elements_top_0 nd_elements_height_100_percentage nd_elements_width_100_percentage \"><\/div>\n\n\t\t        <div class=\"nd_elements_position_absolute nd_elements_bottom_0 nd_elements_text_align_center nd_elements_padding_20_30 nd_elements_box_sizing_border_box nd_elements_left_0 nd_elements_width_100_percentage\">\n\t\t\t    \t<h6 class=\"nd_elements_woogrid_l3_title nd_elements_color_fff_important nd_elements_word_break_break_word nd_elements_margin_0_important nd_elements_letter_spacing_1 nd_elements_font_weight_500 nd_elements_text_transform_uppercase\">Derinkuyu<\/h6>\n\t\t\t\t<\/div>\n\n\t    \t\t<a href=\"https:\/\/hassecavekonak.com\/index.php\/product\/derinkuyu-en\/\"><img decoding=\"async\" class=\"nd_elements_section\" alt=\"\" src=\"https:\/\/hassecavekonak.com\/wp-content\/uploads\/2021\/11\/derinkuyu2-1024x576.jpg\"><\/a>\n\n\t\t\t<\/div>\n\t    \t\n\t\t<\/div>\n    \t<div class=\" nd_elements_width_25_percentage nd_elements_width_100_percentage_responsive nd_elements_float_left nd_elements_masonry_item nd_elements_padding_15 nd_elements_box_sizing_border_box\">\n\n    \t\t<a class=\"nd_elements_section nd_elements_position_absolute nd_elements_width_100_percentage nd_elements_height_100_percentage nd_elements_top_0 nd_elements_left_0 nd_elements_z_index_9\" href=\"https:\/\/hassecavekonak.com\/index.php\/product\/sirahane-en\/\"><\/a>\n\n    \t\t<div class=\"nd_elements_section nd_elements_background_color_fff nd_elements_box_shadow_0_0_15_0_0001 nd_elements_position_relative\">\n\n    \t\t\t<div class=\"nd_elements_bg_greydark_alpha_gradient_2 nd_elements_position_absolute nd_elements_left_0 nd_elements_top_0 nd_elements_height_100_percentage nd_elements_width_100_percentage \"><\/div>\n\n\t\t        <div class=\"nd_elements_position_absolute nd_elements_bottom_0 nd_elements_text_align_center nd_elements_padding_20_30 nd_elements_box_sizing_border_box nd_elements_left_0 nd_elements_width_100_percentage\">\n\t\t\t    \t<h6 class=\"nd_elements_woogrid_l3_title nd_elements_color_fff_important nd_elements_word_break_break_word nd_elements_margin_0_important nd_elements_letter_spacing_1 nd_elements_font_weight_500 nd_elements_text_transform_uppercase\">\u015e\u0131rahane<\/h6>\n\t\t\t\t<\/div>\n\n\t    \t\t<a href=\"https:\/\/hassecavekonak.com\/index.php\/product\/sirahane-en\/\"><img decoding=\"async\" class=\"nd_elements_section\" alt=\"\" src=\"https:\/\/hassecavekonak.com\/wp-content\/uploads\/2021\/05\/sirahane20-1024x576.jpg\"><\/a>\n\n\t\t\t<\/div>\n\t    \t\n\t\t<\/div>\n    \t<div class=\" nd_elements_width_25_percentage nd_elements_width_100_percentage_responsive nd_elements_float_left nd_elements_masonry_item nd_elements_padding_15 nd_elements_box_sizing_border_box\">\n\n    \t\t<a class=\"nd_elements_section nd_elements_position_absolute nd_elements_width_100_percentage nd_elements_height_100_percentage nd_elements_top_0 nd_elements_left_0 nd_elements_z_index_9\" href=\"https:\/\/hassecavekonak.com\/index.php\/product\/has-room\/\"><\/a>\n\n    \t\t<div class=\"nd_elements_section nd_elements_background_color_fff nd_elements_box_shadow_0_0_15_0_0001 nd_elements_position_relative\">\n\n    \t\t\t<div class=\"nd_elements_bg_greydark_alpha_gradient_2 nd_elements_position_absolute nd_elements_left_0 nd_elements_top_0 nd_elements_height_100_percentage nd_elements_width_100_percentage \"><\/div>\n\n\t\t        <div class=\"nd_elements_position_absolute nd_elements_bottom_0 nd_elements_text_align_center nd_elements_padding_20_30 nd_elements_box_sizing_border_box nd_elements_left_0 nd_elements_width_100_percentage\">\n\t\t\t    \t<h6 class=\"nd_elements_woogrid_l3_title nd_elements_color_fff_important nd_elements_word_break_break_word nd_elements_margin_0_important nd_elements_letter_spacing_1 nd_elements_font_weight_500 nd_elements_text_transform_uppercase\">Has Room<\/h6>\n\t\t\t\t<\/div>\n\n\t    \t\t<a href=\"https:\/\/hassecavekonak.com\/index.php\/product\/has-room\/\"><img decoding=\"async\" class=\"nd_elements_section\" alt=\"\" src=\"https:\/\/hassecavekonak.com\/wp-content\/uploads\/2021\/11\/has_cave10-1024x576.jpg\"><\/a>\n\n\t\t\t<\/div>\n\t    \t\n\t\t<\/div>\n    \t<div class=\" nd_elements_width_25_percentage nd_elements_width_100_percentage_responsive nd_elements_float_left nd_elements_masonry_item nd_elements_padding_15 nd_elements_box_sizing_border_box\">\n\n    \t\t<a class=\"nd_elements_section nd_elements_position_absolute nd_elements_width_100_percentage nd_elements_height_100_percentage nd_elements_top_0 nd_elements_left_0 nd_elements_z_index_9\" href=\"https:\/\/hassecavekonak.com\/index.php\/product\/kutsal-room\/\"><\/a>\n\n    \t\t<div class=\"nd_elements_section nd_elements_background_color_fff nd_elements_box_shadow_0_0_15_0_0001 nd_elements_position_relative\">\n\n    \t\t\t<div class=\"nd_elements_bg_greydark_alpha_gradient_2 nd_elements_position_absolute nd_elements_left_0 nd_elements_top_0 nd_elements_height_100_percentage nd_elements_width_100_percentage \"><\/div>\n\n\t\t        <div class=\"nd_elements_position_absolute nd_elements_bottom_0 nd_elements_text_align_center nd_elements_padding_20_30 nd_elements_box_sizing_border_box nd_elements_left_0 nd_elements_width_100_percentage\">\n\t\t\t    \t<h6 class=\"nd_elements_woogrid_l3_title nd_elements_color_fff_important nd_elements_word_break_break_word nd_elements_margin_0_important nd_elements_letter_spacing_1 nd_elements_font_weight_500 nd_elements_text_transform_uppercase\">Kutsal Room<\/h6>\n\t\t\t\t<\/div>\n\n\t    \t\t<a href=\"https:\/\/hassecavekonak.com\/index.php\/product\/kutsal-room\/\"><img decoding=\"async\" class=\"nd_elements_section\" alt=\"\" src=\"https:\/\/hassecavekonak.com\/wp-content\/uploads\/2024\/03\/has_cave2-1024x576.jpg\"><\/a>\n\n\t\t\t<\/div>\n\t    \t\n\t\t<\/div>\n<\/div>\t\t<\/div>\n\t\t\t\t<\/div>\n\t\t\t\t\t<\/div>\n\t\t<\/div>\n\t\t\t\t\t<\/div>\n\t\t<\/section>\n\t\t\t\t<\/div>\n\t\t","protected":false},"excerpt":{"rendered":"<p>Odalar Tand\u0131rl\u0131 Oda Kapadokya Munise Han\u0131m Sedirli Room G\u00f6reme Derinkuyu \u015e\u0131rahane Has Room Kutsal Room<\/p>\n","protected":false},"author":1,"featured_media":0,"parent":0,"menu_order":0,"comment_status":"closed","ping_status":"closed","template":"","meta":{"footnotes":""},"class_list":["post-7466","page","type-page","status-publish","hentry"],"_links":{"self":[{"href":"https:\/\/hassecavekonak.com\/index.php\/wp-json\/wp\/v2\/pages\/7466","targetHints":{"allow":["GET"]}}],"collection":[{"href":"https:\/\/hassecavekonak.com\/index.php\/wp-json\/wp\/v2\/pages"}],"about":[{"href":"https:\/\/hassecavekonak.com\/index.php\/wp-json\/wp\/v2\/types\/page"}],"author":[{"embeddable":true,"href":"https:\/\/hassecavekonak.com\/index.php\/wp-json\/wp\/v2\/users\/1"}],"replies":[{"embeddable":true,"href":"https:\/\/hassecavekonak.com\/index.php\/wp-json\/wp\/v2\/comments?post=7466"}],"version-history":[{"count":19,"href":"https:\/\/hassecavekonak.com\/index.php\/wp-json\/wp\/v2\/pages\/7466\/revisions"}],"predecessor-version":[{"id":7522,"href":"https:\/\/hassecavekonak.com\/index.php\/wp-json\/wp\/v2\/pages\/7466\/revisions\/7522"}],"wp:attachment":[{"href":"https:\/\/hassecavekonak.com\/index.php\/wp-json\/wp\/v2\/media?parent=7466"}],"curies":[{"name":"wp","href":"https:\/\/api.w.org\/{rel}","templated":true}]}}