{"id":534,"date":"2021-03-30T10:59:05","date_gmt":"2021-03-30T10:59:05","guid":{"rendered":"http:\/\/www.nicdarkthemes.com\/themes\/seafood\/wp\/demo\/seafood\/?page_id=534"},"modified":"2026-04-08T00:17:57","modified_gmt":"2026-04-07T21:17:57","slug":"galeri","status":"publish","type":"page","link":"https:\/\/hassecavekonak.com\/index.php\/galeri\/","title":{"rendered":"Galeri"},"content":{"rendered":"\t\t<div data-elementor-type=\"wp-page\" data-elementor-id=\"534\" class=\"elementor elementor-534\">\n\t\t\t\t\t\t<section class=\"elementor-section elementor-top-section elementor-element elementor-element-427781ed elementor-section-stretched elementor-section-content-middle elementor-section-boxed elementor-section-height-default elementor-section-height-default\" data-id=\"427781ed\" data-element_type=\"section\" data-settings=\"{&quot;stretch_section&quot;:&quot;section-stretched&quot;,&quot;background_background&quot;:&quot;classic&quot;}\">\n\t\t\t\t\t\t\t<div class=\"elementor-background-overlay\"><\/div>\n\t\t\t\t\t\t\t<div class=\"elementor-container elementor-column-gap-default\">\n\t\t\t\t\t<div class=\"elementor-column elementor-col-100 elementor-top-column elementor-element elementor-element-3ba97320\" data-id=\"3ba97320\" data-element_type=\"column\">\n\t\t\t<div class=\"elementor-widget-wrap elementor-element-populated\">\n\t\t\t\t\t\t<div class=\"elementor-element elementor-element-d7e0eb9 elementor-widget elementor-widget-heading\" data-id=\"d7e0eb9\" data-element_type=\"widget\" data-widget_type=\"heading.default\">\n\t\t\t\t<div class=\"elementor-widget-container\">\n\t\t\t<style>\/*! elementor - v3.19.0 - 28-02-2024 *\/\n.elementor-heading-title{padding:0;margin:0;line-height:1}.elementor-widget-heading .elementor-heading-title[class*=elementor-size-]>a{color:inherit;font-size:inherit;line-height:inherit}.elementor-widget-heading .elementor-heading-title.elementor-size-small{font-size:15px}.elementor-widget-heading .elementor-heading-title.elementor-size-medium{font-size:19px}.elementor-widget-heading .elementor-heading-title.elementor-size-large{font-size:29px}.elementor-widget-heading .elementor-heading-title.elementor-size-xl{font-size:39px}.elementor-widget-heading .elementor-heading-title.elementor-size-xxl{font-size:59px}<\/style><h1 class=\"elementor-heading-title elementor-size-default\">Galeri<\/h1>\t\t<\/div>\n\t\t\t\t<\/div>\n\t\t\t\t\t<\/div>\n\t\t<\/div>\n\t\t\t\t\t<\/div>\n\t\t<\/section>\n\t\t\t\t<section class=\"elementor-section elementor-top-section elementor-element elementor-element-7af6e4 elementor-section-content-middle elementor-section-stretched elementor-section-boxed elementor-section-height-default elementor-section-height-default\" data-id=\"7af6e4\" data-element_type=\"section\" data-settings=\"{&quot;stretch_section&quot;:&quot;section-stretched&quot;,&quot;background_background&quot;:&quot;classic&quot;}\">\n\t\t\t\t\t\t\t<div class=\"elementor-background-overlay\"><\/div>\n\t\t\t\t\t\t\t<div class=\"elementor-container elementor-column-gap-default\">\n\t\t\t\t\t<div class=\"elementor-column elementor-col-33 elementor-top-column elementor-element elementor-element-6de94c6a\" data-id=\"6de94c6a\" data-element_type=\"column\">\n\t\t\t<div class=\"elementor-widget-wrap elementor-element-populated\">\n\t\t\t\t\t\t<div class=\"elementor-element elementor-element-7e9be2e8 elementor-widget elementor-widget-heading\" data-id=\"7e9be2e8\" data-element_type=\"widget\" data-widget_type=\"heading.default\">\n\t\t\t\t<div class=\"elementor-widget-container\">\n\t\t\t<h1 class=\"elementor-heading-title elementor-size-default\">Hem konumu hem de tarihiyle sizlere unutamayaca\u011f\u0131n\u0131z an\u0131lar ya\u015fatacak ferah odalar\u0131m\u0131zda sizi a\u011f\u0131rlamaktan mutluluk duyar\u0131z.<\/h1>\t\t<\/div>\n\t\t\t\t<\/div>\n\t\t\t\t\t<\/div>\n\t\t<\/div>\n\t\t\t\t<div class=\"elementor-column elementor-col-33 elementor-top-column elementor-element elementor-element-2c3ac1d1\" data-id=\"2c3ac1d1\" data-element_type=\"column\" data-settings=\"{&quot;background_background&quot;:&quot;classic&quot;}\">\n\t\t\t<div class=\"elementor-widget-wrap elementor-element-populated\">\n\t\t\t\t\t<div class=\"elementor-background-overlay\"><\/div>\n\t\t\t\t\t\t<div class=\"elementor-element elementor-element-3aaa93b2 elementor-widget elementor-widget-spacer\" data-id=\"3aaa93b2\" data-element_type=\"widget\" data-widget_type=\"spacer.default\">\n\t\t\t\t<div class=\"elementor-widget-container\">\n\t\t\t<style>\/*! elementor - v3.19.0 - 28-02-2024 *\/\n.elementor-column .elementor-spacer-inner{height:var(--spacer-size)}.e-con{--container-widget-width:100%}.e-con-inner>.elementor-widget-spacer,.e-con>.elementor-widget-spacer{width:var(--container-widget-width,var(--spacer-size));--align-self:var(--container-widget-align-self,initial);--flex-shrink:0}.e-con-inner>.elementor-widget-spacer>.elementor-widget-container,.e-con>.elementor-widget-spacer>.elementor-widget-container{height:100%;width:100%}.e-con-inner>.elementor-widget-spacer>.elementor-widget-container>.elementor-spacer,.e-con>.elementor-widget-spacer>.elementor-widget-container>.elementor-spacer{height:100%}.e-con-inner>.elementor-widget-spacer>.elementor-widget-container>.elementor-spacer>.elementor-spacer-inner,.e-con>.elementor-widget-spacer>.elementor-widget-container>.elementor-spacer>.elementor-spacer-inner{height:var(--container-widget-height,var(--spacer-size))}.e-con-inner>.elementor-widget-spacer.elementor-widget-empty,.e-con>.elementor-widget-spacer.elementor-widget-empty{position:relative;min-height:22px;min-width:22px}.e-con-inner>.elementor-widget-spacer.elementor-widget-empty .elementor-widget-empty-icon,.e-con>.elementor-widget-spacer.elementor-widget-empty .elementor-widget-empty-icon{position:absolute;top:0;bottom:0;left:0;right:0;margin:auto;padding:0;width:22px;height:22px}<\/style>\t\t<div class=\"elementor-spacer\">\n\t\t\t<div class=\"elementor-spacer-inner\"><\/div>\n\t\t<\/div>\n\t\t\t\t<\/div>\n\t\t\t\t<\/div>\n\t\t\t\t<div class=\"elementor-element elementor-element-654d9dd4 elementor-widget elementor-widget-heading\" data-id=\"654d9dd4\" data-element_type=\"widget\" data-widget_type=\"heading.default\">\n\t\t\t\t<div class=\"elementor-widget-container\">\n\t\t\t<h3 class=\"elementor-heading-title elementor-size-default\">Restaurant<\/h3>\t\t<\/div>\n\t\t\t\t<\/div>\n\t\t\t\t<div class=\"elementor-element elementor-element-199abfbb elementor-widget elementor-widget-heading\" data-id=\"199abfbb\" data-element_type=\"widget\" data-widget_type=\"heading.default\">\n\t\t\t\t<div class=\"elementor-widget-container\">\n\t\t\t<p class=\"elementor-heading-title elementor-size-default\">\u00dcrg\u00fcp | Nev\u015fehir<\/p>\t\t<\/div>\n\t\t\t\t<\/div>\n\t\t\t\t\t<\/div>\n\t\t<\/div>\n\t\t\t\t<div class=\"elementor-column elementor-col-33 elementor-top-column elementor-element elementor-element-11139d30\" data-id=\"11139d30\" data-element_type=\"column\" data-settings=\"{&quot;background_background&quot;:&quot;classic&quot;}\">\n\t\t\t<div class=\"elementor-widget-wrap elementor-element-populated\">\n\t\t\t\t\t<div class=\"elementor-background-overlay\"><\/div>\n\t\t\t\t\t\t<div class=\"elementor-element elementor-element-4a8f1ce elementor-widget elementor-widget-spacer\" data-id=\"4a8f1ce\" data-element_type=\"widget\" data-widget_type=\"spacer.default\">\n\t\t\t\t<div class=\"elementor-widget-container\">\n\t\t\t\t\t<div class=\"elementor-spacer\">\n\t\t\t<div class=\"elementor-spacer-inner\"><\/div>\n\t\t<\/div>\n\t\t\t\t<\/div>\n\t\t\t\t<\/div>\n\t\t\t\t<div class=\"elementor-element elementor-element-6782cfed elementor-widget elementor-widget-heading\" data-id=\"6782cfed\" data-element_type=\"widget\" data-widget_type=\"heading.default\">\n\t\t\t\t<div class=\"elementor-widget-container\">\n\t\t\t<h3 class=\"elementor-heading-title elementor-size-default\">Hasse Cave Konak<\/h3>\t\t<\/div>\n\t\t\t\t<\/div>\n\t\t\t\t<div class=\"elementor-element elementor-element-209816e6 elementor-widget elementor-widget-heading\" data-id=\"209816e6\" data-element_type=\"widget\" data-widget_type=\"heading.default\">\n\t\t\t\t<div class=\"elementor-widget-container\">\n\t\t\t<p class=\"elementor-heading-title elementor-size-default\">\u00dcrg\u00fcp | Nev\u015fehir<\/p>\t\t<\/div>\n\t\t\t\t<\/div>\n\t\t\t\t\t<\/div>\n\t\t<\/div>\n\t\t\t\t\t<\/div>\n\t\t<\/section>\n\t\t<div class=\"elementor-element elementor-element-0f7ac5f e-flex e-con-boxed e-con e-parent\" data-id=\"0f7ac5f\" data-element_type=\"container\" data-settings=\"{&quot;content_width&quot;:&quot;boxed&quot;}\" data-core-v316-plus=\"true\">\n\t\t\t\t\t<div class=\"e-con-inner\">\n\t\t\t\t<div class=\"elementor-element elementor-element-6f5ef8e elementor-widget elementor-widget-html\" data-id=\"6f5ef8e\" data-element_type=\"widget\" data-widget_type=\"html.default\">\n\t\t\t\t<div class=\"elementor-widget-container\">\n\t\t\t<div class=\"yeni-masonry\">\n    \n  <a href=\"https:\/\/hassecavekonak.com\/wp-content\/uploads\/2024\/03\/booking2.jpg\" class=\"lightbox\"><img decoding=\"async\" src=\"https:\/\/hassecavekonak.com\/wp-content\/uploads\/2024\/03\/booking2.jpg\"><\/a>\n  \n  <a href=\"https:\/\/hassecavekonak.com\/wp-content\/uploads\/2024\/03\/booking3.jpg\" class=\"lightbox\"><img decoding=\"async\" src=\"https:\/\/hassecavekonak.com\/wp-content\/uploads\/2024\/03\/booking3.jpg\"><\/a>\n  \n  <a href=\"https:\/\/hassecavekonak.com\/wp-content\/uploads\/2024\/03\/DSC_9808.jpg\" class=\"lightbox\"><img decoding=\"async\" src=\"https:\/\/hassecavekonak.com\/wp-content\/uploads\/2024\/03\/DSC_9808.jpg\"><\/a>\n  \n  <a href=\"https:\/\/hassecavekonak.com\/wp-content\/uploads\/2024\/03\/galeri.jpg\" class=\"lightbox\"><img decoding=\"async\" src=\"https:\/\/hassecavekonak.com\/wp-content\/uploads\/2024\/03\/galeri.jpg\"><\/a>\n  \n  <a href=\"https:\/\/hassecavekonak.com\/wp-content\/uploads\/2024\/03\/galeri2.jpg\" class=\"lightbox\"><img decoding=\"async\" src=\"https:\/\/hassecavekonak.com\/wp-content\/uploads\/2024\/03\/galeri2.jpg\"><\/a>\n  \n  <a href=\"https:\/\/hassecavekonak.com\/wp-content\/uploads\/2024\/03\/has_cave6.jpg\" class=\"lightbox\"><img decoding=\"async\" src=\"https:\/\/hassecavekonak.com\/wp-content\/uploads\/2024\/03\/has_cave6.jpg\"><\/a>\n  \n  <a href=\"https:\/\/hassecavekonak.com\/wp-content\/uploads\/2024\/03\/has_cave7.jpg\" class=\"lightbox\"><img decoding=\"async\" src=\"https:\/\/hassecavekonak.com\/wp-content\/uploads\/2024\/03\/has_cave7.jpg\"><\/a>\n  \n  <a href=\"https:\/\/hassecavekonak.com\/wp-content\/uploads\/2024\/03\/hotel36.jpg\" class=\"lightbox\"><img decoding=\"async\" src=\"https:\/\/hassecavekonak.com\/wp-content\/uploads\/2024\/03\/hotel36.jpg\"><\/a>\n  \n  <a href=\"https:\/\/hassecavekonak.com\/wp-content\/uploads\/2024\/03\/hotel37.jpg\" class=\"lightbox\"><img decoding=\"async\" src=\"https:\/\/hassecavekonak.com\/wp-content\/uploads\/2024\/03\/hotel37.jpg\"><\/a>\n  \n  <a href=\"https:\/\/hassecavekonak.com\/wp-content\/uploads\/2024\/03\/hotel38.jpg\" class=\"lightbox\"><img decoding=\"async\" src=\"https:\/\/hassecavekonak.com\/wp-content\/uploads\/2024\/03\/hotel38.jpg\"><\/a>\n  \n  <a href=\"https:\/\/hassecavekonak.com\/wp-content\/uploads\/2024\/03\/hotel39.jpg\" class=\"lightbox\"><img decoding=\"async\" src=\"https:\/\/hassecavekonak.com\/wp-content\/uploads\/2024\/03\/hotel39.jpg\"><\/a>\n  \n  <a href=\"https:\/\/hassecavekonak.com\/wp-content\/uploads\/2024\/03\/hotel52.jpg\" class=\"lightbox\"><img decoding=\"async\" src=\"https:\/\/hassecavekonak.com\/wp-content\/uploads\/2024\/03\/hotel52.jpg\"><\/a>\n  \n  <a href=\"https:\/\/hassecavekonak.com\/wp-content\/uploads\/2024\/03\/hotel53.jpg\" class=\"lightbox\"><img decoding=\"async\" src=\"https:\/\/hassecavekonak.com\/wp-content\/uploads\/2024\/03\/hotel53.jpg\"><\/a>\n  \n  <a href=\"https:\/\/hassecavekonak.com\/wp-content\/uploads\/2024\/03\/hotel53_1.jpg\" class=\"lightbox\"><img decoding=\"async\" src=\"https:\/\/hassecavekonak.com\/wp-content\/uploads\/2024\/03\/hotel53_1.jpg\"><\/a>\n  \n  <a href=\"https:\/\/hassecavekonak.com\/wp-content\/uploads\/2024\/03\/hotel53_2.jpg\" class=\"lightbox\"><img decoding=\"async\" src=\"https:\/\/hassecavekonak.com\/wp-content\/uploads\/2024\/03\/hotel53_2.jpg\"><\/a>\n  \n  <a href=\"https:\/\/hassecavekonak.com\/wp-content\/uploads\/2024\/03\/hotel56.jpg\" class=\"lightbox\"><img decoding=\"async\" src=\"https:\/\/hassecavekonak.com\/wp-content\/uploads\/2024\/03\/hotel56.jpg\"><\/a>\n  \n  <a href=\"https:\/\/hassecavekonak.com\/wp-content\/uploads\/2024\/03\/hotel56.jpg\" class=\"lightbox\"><img decoding=\"async\" src=\"https:\/\/hassecavekonak.com\/wp-content\/uploads\/2024\/03\/hotel56.jpg\"><\/a>\n  \n  <a href=\"https:\/\/hassecavekonak.com\/wp-content\/uploads\/2024\/03\/hoteldismekan5.jpg\" class=\"lightbox\"><img decoding=\"async\" src=\"https:\/\/hassecavekonak.com\/wp-content\/uploads\/2024\/03\/hoteldismekan5.jpg\"><\/a>\n  \n  <a href=\"https:\/\/hassecavekonak.com\/wp-content\/uploads\/2024\/03\/hoteldismekan7.jpg\" class=\"lightbox\"><img decoding=\"async\" src=\"https:\/\/hassecavekonak.com\/wp-content\/uploads\/2024\/03\/hoteldismekan7.jpg\"><\/a>\n  \n  <a href=\"https:\/\/hassecavekonak.com\/wp-content\/uploads\/2024\/03\/hotelhascave2.jpg\" class=\"lightbox\"><img decoding=\"async\" src=\"https:\/\/hassecavekonak.com\/wp-content\/uploads\/2024\/03\/hotelhascave2.jpg\"><\/a>\n  \n  <a href=\"https:\/\/hassecavekonak.com\/wp-content\/uploads\/2024\/03\/unknown_5.jpg\" class=\"lightbox\"><img decoding=\"async\" src=\"https:\/\/hassecavekonak.com\/wp-content\/uploads\/2024\/03\/unknown_5.jpg\"><\/a>\n  \n  <a href=\"https:\/\/hassecavekonak.com\/wp-content\/uploads\/2024\/03\/hotelhascave-scaled.jpg\" class=\"lightbox\"><img decoding=\"async\" src=\"https:\/\/hassecavekonak.com\/wp-content\/uploads\/2024\/03\/hotelhascave-scaled.jpg\"><\/a>\n  \n  <a href=\"https:\/\/hassecavekonak.com\/wp-content\/uploads\/2024\/03\/hotelhascave5-scaled.jpg\" class=\"lightbox\"><img decoding=\"async\" src=\"https:\/\/hassecavekonak.com\/wp-content\/uploads\/2024\/03\/hotelhascave5-scaled.jpg\"><\/a>\n  \n  <a href=\"https:\/\/hassecavekonak.com\/wp-content\/uploads\/2024\/03\/unknown_4.jpg\" class=\"lightbox\"><img decoding=\"async\" src=\"https:\/\/hassecavekonak.com\/wp-content\/uploads\/2024\/03\/unknown_4.jpg\"><\/a>\n  \n  <a href=\"https:\/\/hassecavekonak.com\/wp-content\/uploads\/2024\/03\/unknown_2.jpg\" class=\"lightbox\"><img decoding=\"async\" src=\"https:\/\/hassecavekonak.com\/wp-content\/uploads\/2024\/03\/unknown_2.jpg\"><\/a>\n  <a href=\"https:\/\/hassecavekonak.com\/wp-content\/uploads\/2024\/03\/unknown_3.jpg\" class=\"lightbox\"><img decoding=\"async\" src=\"https:\/\/hassecavekonak.com\/wp-content\/uploads\/2024\/03\/unknown_3.jpg\"><\/a>\n  \n  <a href=\"https:\/\/hassecavekonak.com\/wp-content\/uploads\/2024\/03\/unknown_3.jpg\" class=\"lightbox\"><img decoding=\"async\" src=\"https:\/\/hassecavekonak.com\/wp-content\/uploads\/2024\/03\/unknown_3.jpg\"><\/a>\n  \n  \n<\/div>\n\n<style>\n    .yeni-masonry {\n  column-count: 3;\n  column-gap: 10px;\n}\n\n.yeni-masonry a {\n  display: block;\n  margin-bottom: 10px;\n  break-inside: avoid;\n}\n\n.yeni-masonry img {\n  width: 100%;\n  display: block;\n  border-radius: 5px;\n  cursor: zoom-in;\n}\n\n\/* Lightbox *\/\n#lightboxOverlay {\n  position: fixed;\n  top: 0; left: 0;\n  width: 100%; height: 100%;\n  background: rgba(0, 0, 0, .9);\n  display: none;\n  align-items: center;\n  justify-content: center;\n  z-index: 9999;\n}\n\n#lightboxOverlay img {\n  max-width: 90%;\n  max-height: 90%;\n  border-radius: 6px;\n}\n\n<\/style>\n\n<script>\n    <script>\ndocument.addEventListener(\"click\", function(e){\n  if(e.target.closest(\".lightbox\")) {\n    e.preventDefault();\n    const imgSrc = e.target.closest(\".lightbox\").getAttribute(\"href\");\n\n    let overlay = document.getElementById(\"lightboxOverlay\");\n    if (!overlay) {\n      overlay = document.createElement(\"div\");\n      overlay.id = \"lightboxOverlay\";\n      overlay.innerHTML = `<img decoding=\"async\" src=\"${imgSrc}\">`;\n      document.body.appendChild(overlay);\n    } else {\n      overlay.innerHTML = `<img decoding=\"async\" src=\"${imgSrc}\">`;\n    }\n\n    overlay.style.display = \"flex\";\n  }\n\n  if(e.target.id === \"lightboxOverlay\") {\n    e.target.style.display = \"none\";\n  }\n});\n<\/script>\n\n<\/script>\t\t<\/div>\n\t\t\t\t<\/div>\n\t\t\t\t\t<\/div>\n\t\t\t\t<\/div>\n\t\t\t\t<\/div>\n\t\t","protected":false},"excerpt":{"rendered":"<p>Galeri Hem konumu hem de tarihiyle sizlere unutamayaca\u011f\u0131n\u0131z an\u0131lar ya\u015fatacak ferah odalar\u0131m\u0131zda sizi a\u011f\u0131rlamaktan mutluluk duyar\u0131z. Restaurant \u00dcrg\u00fcp | Nev\u015fehir Hasse Cave Konak \u00dcrg\u00fcp | Nev\u015fehir<\/p>\n","protected":false},"author":1,"featured_media":0,"parent":0,"menu_order":0,"comment_status":"closed","ping_status":"closed","template":"","meta":{"footnotes":""},"class_list":["post-534","page","type-page","status-publish","hentry"],"_links":{"self":[{"href":"https:\/\/hassecavekonak.com\/index.php\/wp-json\/wp\/v2\/pages\/534","targetHints":{"allow":["GET"]}}],"collection":[{"href":"https:\/\/hassecavekonak.com\/index.php\/wp-json\/wp\/v2\/pages"}],"about":[{"href":"https:\/\/hassecavekonak.com\/index.php\/wp-json\/wp\/v2\/types\/page"}],"author":[{"embeddable":true,"href":"https:\/\/hassecavekonak.com\/index.php\/wp-json\/wp\/v2\/users\/1"}],"replies":[{"embeddable":true,"href":"https:\/\/hassecavekonak.com\/index.php\/wp-json\/wp\/v2\/comments?post=534"}],"version-history":[{"count":82,"href":"https:\/\/hassecavekonak.com\/index.php\/wp-json\/wp\/v2\/pages\/534\/revisions"}],"predecessor-version":[{"id":7803,"href":"https:\/\/hassecavekonak.com\/index.php\/wp-json\/wp\/v2\/pages\/534\/revisions\/7803"}],"wp:attachment":[{"href":"https:\/\/hassecavekonak.com\/index.php\/wp-json\/wp\/v2\/media?parent=534"}],"curies":[{"name":"wp","href":"https:\/\/api.w.org\/{rel}","templated":true}]}}