{"id":1728,"date":"2021-05-10T10:22:44","date_gmt":"2021-05-10T10:22:44","guid":{"rendered":"http:\/\/www.nicdarkthemes.com\/themes\/seafood\/wp\/demo\/restaurant\/?page_id=1728"},"modified":"2026-04-08T00:17:55","modified_gmt":"2026-04-07T21:17:55","slug":"restaurant","status":"publish","type":"page","link":"https:\/\/hassecavekonak.com\/index.php\/restaurant\/","title":{"rendered":"Restaurant"},"content":{"rendered":"\t\t<div data-elementor-type=\"wp-page\" data-elementor-id=\"1728\" class=\"elementor elementor-1728\">\n\t\t\t\t\t\t<section class=\"elementor-section elementor-top-section elementor-element elementor-element-8ed3901 elementor-section-stretched elementor-section-content-middle elementor-section-boxed elementor-section-height-default elementor-section-height-default\" data-id=\"8ed3901\" data-element_type=\"section\" data-settings=\"{&quot;stretch_section&quot;:&quot;section-stretched&quot;,&quot;background_background&quot;:&quot;classic&quot;}\">\n\t\t\t\t\t\t\t<div class=\"elementor-background-overlay\"><\/div>\n\t\t\t\t\t\t\t<div class=\"elementor-container elementor-column-gap-default\">\n\t\t\t\t\t<div class=\"elementor-column elementor-col-100 elementor-top-column elementor-element elementor-element-70f70055\" data-id=\"70f70055\" data-element_type=\"column\">\n\t\t\t<div class=\"elementor-widget-wrap elementor-element-populated\">\n\t\t\t\t\t\t<div class=\"elementor-element elementor-element-43e4f09b elementor-widget elementor-widget-heading\" data-id=\"43e4f09b\" data-element_type=\"widget\" data-widget_type=\"heading.default\">\n\t\t\t\t<div class=\"elementor-widget-container\">\n\t\t\t<style>\/*! elementor - v3.19.0 - 28-02-2024 *\/\n.elementor-heading-title{padding:0;margin:0;line-height:1}.elementor-widget-heading .elementor-heading-title[class*=elementor-size-]>a{color:inherit;font-size:inherit;line-height:inherit}.elementor-widget-heading .elementor-heading-title.elementor-size-small{font-size:15px}.elementor-widget-heading .elementor-heading-title.elementor-size-medium{font-size:19px}.elementor-widget-heading .elementor-heading-title.elementor-size-large{font-size:29px}.elementor-widget-heading .elementor-heading-title.elementor-size-xl{font-size:39px}.elementor-widget-heading .elementor-heading-title.elementor-size-xxl{font-size:59px}<\/style><h1 class=\"elementor-heading-title elementor-size-default\">Restaurant<\/h1>\t\t<\/div>\n\t\t\t\t<\/div>\n\t\t\t\t\t<\/div>\n\t\t<\/div>\n\t\t\t\t\t<\/div>\n\t\t<\/section>\n\t\t\t\t<section class=\"elementor-section elementor-top-section elementor-element elementor-element-2295ecc7 elementor-section-content-middle elementor-section-full_width elementor-section-height-default elementor-section-height-default\" data-id=\"2295ecc7\" data-element_type=\"section\">\n\t\t\t\t\t\t<div class=\"elementor-container elementor-column-gap-default\">\n\t\t\t\t\t<div class=\"elementor-column elementor-col-50 elementor-top-column elementor-element elementor-element-70299105\" data-id=\"70299105\" data-element_type=\"column\">\n\t\t\t<div class=\"elementor-widget-wrap elementor-element-populated\">\n\t\t\t\t\t\t<div class=\"elementor-element elementor-element-49f8cf5b elementor-widget elementor-widget-heading\" data-id=\"49f8cf5b\" data-element_type=\"widget\" data-widget_type=\"heading.default\">\n\t\t\t\t<div class=\"elementor-widget-container\">\n\t\t\t<h1 class=\"elementor-heading-title elementor-size-default\">Restaurant<\/h1>\t\t<\/div>\n\t\t\t\t<\/div>\n\t\t\t\t<div class=\"elementor-element elementor-element-5cd43577 elementor-widget elementor-widget-heading\" data-id=\"5cd43577\" data-element_type=\"widget\" data-widget_type=\"heading.default\">\n\t\t\t\t<div class=\"elementor-widget-container\">\n\t\t\t<p class=\"elementor-heading-title elementor-size-default\">G\u00fcn\u00fcn\u00fcz\u00fc dolu dolu ge\u00e7irmenin s\u0131rr\u0131 m\u00fckemmel bir kahvalt\u0131dan ge\u00e7er.\n\nSabah 8.30 ile 10.30 aras\u0131nda a\u00e7\u0131k b\u00fcfe kahvalt\u0131m\u0131za bekleriz.<\/p>\t\t<\/div>\n\t\t\t\t<\/div>\n\t\t\t\t\t<\/div>\n\t\t<\/div>\n\t\t\t\t<div class=\"elementor-column elementor-col-50 elementor-top-column elementor-element elementor-element-7ef664cc\" data-id=\"7ef664cc\" data-element_type=\"column\">\n\t\t\t<div class=\"elementor-widget-wrap elementor-element-populated\">\n\t\t\t\t\t\t<div class=\"elementor-element elementor-element-7d227fbb elementor-arrows-position-inside elementor-widget elementor-widget-image-carousel\" data-id=\"7d227fbb\" data-element_type=\"widget\" data-settings=\"{&quot;slides_to_show&quot;:&quot;1&quot;,&quot;navigation&quot;:&quot;arrows&quot;,&quot;autoplay&quot;:&quot;yes&quot;,&quot;pause_on_hover&quot;:&quot;yes&quot;,&quot;pause_on_interaction&quot;:&quot;yes&quot;,&quot;autoplay_speed&quot;:5000,&quot;infinite&quot;:&quot;yes&quot;,&quot;effect&quot;:&quot;slide&quot;,&quot;speed&quot;:500}\" data-widget_type=\"image-carousel.default\">\n\t\t\t\t<div class=\"elementor-widget-container\">\n\t\t\t<style>\/*! elementor - v3.19.0 - 28-02-2024 *\/\n.elementor-widget-image-carousel .swiper,.elementor-widget-image-carousel .swiper-container{position:static}.elementor-widget-image-carousel .swiper-container .swiper-slide figure,.elementor-widget-image-carousel .swiper .swiper-slide figure{line-height:inherit}.elementor-widget-image-carousel .swiper-slide{text-align:center}.elementor-image-carousel-wrapper:not(.swiper-container-initialized):not(.swiper-initialized) .swiper-slide{max-width:calc(100% \/ var(--e-image-carousel-slides-to-show, 3))}<\/style>\t\t<div class=\"elementor-image-carousel-wrapper swiper\" dir=\"ltr\">\n\t\t\t<div class=\"elementor-image-carousel swiper-wrapper\" aria-live=\"off\">\n\t\t\t\t\t\t\t\t<div class=\"swiper-slide\" role=\"group\" aria-roledescription=\"slide\" aria-label=\"1 \/ 1\"><figure class=\"swiper-slide-inner\"><img decoding=\"async\" class=\"swiper-slide-image\" src=\"https:\/\/hassecavekonak.com\/wp-content\/uploads\/2024\/03\/hotelhascave7.jpg\" alt=\"hotelhascave7\" \/><\/figure><\/div>\t\t\t<\/div>\n\t\t\t\t\t<\/div>\n\t\t\t\t<\/div>\n\t\t\t\t<\/div>\n\t\t\t\t\t<\/div>\n\t\t<\/div>\n\t\t\t\t\t<\/div>\n\t\t<\/section>\n\t\t\t\t<section class=\"elementor-section elementor-top-section elementor-element elementor-element-77396f77 elementor-section-boxed elementor-section-height-default elementor-section-height-default\" data-id=\"77396f77\" data-element_type=\"section\">\n\t\t\t\t\t\t<div class=\"elementor-container elementor-column-gap-default\">\n\t\t\t\t\t<div class=\"elementor-column elementor-col-50 elementor-top-column elementor-element elementor-element-12cb5434\" data-id=\"12cb5434\" data-element_type=\"column\">\n\t\t\t<div class=\"elementor-widget-wrap\">\n\t\t\t\t\t\t\t<\/div>\n\t\t<\/div>\n\t\t\t\t<div class=\"elementor-column elementor-col-50 elementor-top-column elementor-element elementor-element-66e1d6ee\" data-id=\"66e1d6ee\" data-element_type=\"column\" data-settings=\"{&quot;background_background&quot;:&quot;classic&quot;}\">\n\t\t\t<div class=\"elementor-widget-wrap elementor-element-populated\">\n\t\t\t\t\t\t<div class=\"elementor-element elementor-element-6510306 elementor-widget elementor-widget-spacer\" data-id=\"6510306\" data-element_type=\"widget\" data-widget_type=\"spacer.default\">\n\t\t\t\t<div class=\"elementor-widget-container\">\n\t\t\t<style>\/*! elementor - v3.19.0 - 28-02-2024 *\/\n.elementor-column .elementor-spacer-inner{height:var(--spacer-size)}.e-con{--container-widget-width:100%}.e-con-inner>.elementor-widget-spacer,.e-con>.elementor-widget-spacer{width:var(--container-widget-width,var(--spacer-size));--align-self:var(--container-widget-align-self,initial);--flex-shrink:0}.e-con-inner>.elementor-widget-spacer>.elementor-widget-container,.e-con>.elementor-widget-spacer>.elementor-widget-container{height:100%;width:100%}.e-con-inner>.elementor-widget-spacer>.elementor-widget-container>.elementor-spacer,.e-con>.elementor-widget-spacer>.elementor-widget-container>.elementor-spacer{height:100%}.e-con-inner>.elementor-widget-spacer>.elementor-widget-container>.elementor-spacer>.elementor-spacer-inner,.e-con>.elementor-widget-spacer>.elementor-widget-container>.elementor-spacer>.elementor-spacer-inner{height:var(--container-widget-height,var(--spacer-size))}.e-con-inner>.elementor-widget-spacer.elementor-widget-empty,.e-con>.elementor-widget-spacer.elementor-widget-empty{position:relative;min-height:22px;min-width:22px}.e-con-inner>.elementor-widget-spacer.elementor-widget-empty .elementor-widget-empty-icon,.e-con>.elementor-widget-spacer.elementor-widget-empty .elementor-widget-empty-icon{position:absolute;top:0;bottom:0;left:0;right:0;margin:auto;padding:0;width:22px;height:22px}<\/style>\t\t<div class=\"elementor-spacer\">\n\t\t\t<div class=\"elementor-spacer-inner\"><\/div>\n\t\t<\/div>\n\t\t\t\t<\/div>\n\t\t\t\t<\/div>\n\t\t\t\t\t<\/div>\n\t\t<\/div>\n\t\t\t\t\t<\/div>\n\t\t<\/section>\n\t\t\t\t<section class=\"elementor-section elementor-top-section elementor-element elementor-element-d43a965 elementor-section-boxed elementor-section-height-default elementor-section-height-default\" data-id=\"d43a965\" data-element_type=\"section\">\n\t\t\t\t\t\t<div class=\"elementor-container elementor-column-gap-default\">\n\t\t\t\t\t<div class=\"elementor-column elementor-col-100 elementor-top-column elementor-element elementor-element-3d241e3\" data-id=\"3d241e3\" data-element_type=\"column\">\n\t\t\t<div class=\"elementor-widget-wrap elementor-element-populated\">\n\t\t\t\t\t\t<div class=\"elementor-element elementor-element-f005d52 gallery-spacing-custom elementor-widget elementor-widget-image-gallery\" data-id=\"f005d52\" data-element_type=\"widget\" data-widget_type=\"image-gallery.default\">\n\t\t\t\t<div class=\"elementor-widget-container\">\n\t\t\t<style>\/*! elementor - v3.19.0 - 28-02-2024 *\/\n.elementor-image-gallery .gallery-item{display:inline-block;text-align:center;vertical-align:top;width:100%;max-width:100%;margin:0 auto}.elementor-image-gallery .gallery-item img{margin:0 auto}.elementor-image-gallery .gallery-item .gallery-caption{margin:0}.elementor-image-gallery figure img{display:block}.elementor-image-gallery figure figcaption{width:100%}.gallery-spacing-custom .elementor-image-gallery .gallery-icon{padding:0}@media (min-width:768px){.elementor-image-gallery .gallery-columns-2 .gallery-item{max-width:50%}.elementor-image-gallery .gallery-columns-3 .gallery-item{max-width:33.33%}.elementor-image-gallery .gallery-columns-4 .gallery-item{max-width:25%}.elementor-image-gallery .gallery-columns-5 .gallery-item{max-width:20%}.elementor-image-gallery .gallery-columns-6 .gallery-item{max-width:16.666%}.elementor-image-gallery .gallery-columns-7 .gallery-item{max-width:14.28%}.elementor-image-gallery .gallery-columns-8 .gallery-item{max-width:12.5%}.elementor-image-gallery .gallery-columns-9 .gallery-item{max-width:11.11%}.elementor-image-gallery .gallery-columns-10 .gallery-item{max-width:10%}}@media (min-width:480px) and (max-width:767px){.elementor-image-gallery .gallery.gallery-columns-2 .gallery-item,.elementor-image-gallery .gallery.gallery-columns-3 .gallery-item,.elementor-image-gallery .gallery.gallery-columns-4 .gallery-item,.elementor-image-gallery .gallery.gallery-columns-5 .gallery-item,.elementor-image-gallery .gallery.gallery-columns-6 .gallery-item,.elementor-image-gallery .gallery.gallery-columns-7 .gallery-item,.elementor-image-gallery .gallery.gallery-columns-8 .gallery-item,.elementor-image-gallery .gallery.gallery-columns-9 .gallery-item,.elementor-image-gallery .gallery.gallery-columns-10 .gallery-item{max-width:50%}}@media (max-width:479px){.elementor-image-gallery .gallery.gallery-columns-2 .gallery-item,.elementor-image-gallery .gallery.gallery-columns-3 .gallery-item,.elementor-image-gallery .gallery.gallery-columns-4 .gallery-item,.elementor-image-gallery .gallery.gallery-columns-5 .gallery-item,.elementor-image-gallery .gallery.gallery-columns-6 .gallery-item,.elementor-image-gallery .gallery.gallery-columns-7 .gallery-item,.elementor-image-gallery .gallery.gallery-columns-8 .gallery-item,.elementor-image-gallery .gallery.gallery-columns-9 .gallery-item,.elementor-image-gallery .gallery.gallery-columns-10 .gallery-item{max-width:100%}}<\/style>\t\t<div class=\"elementor-image-gallery\">\n\t\t\t\n\t\t<style type=\"text\/css\">\n\t\t\t#gallery-1 {\n\t\t\t\tmargin: auto;\n\t\t\t}\n\t\t\t#gallery-1 .gallery-item {\n\t\t\t\tfloat: left;\n\t\t\t\tmargin-top: 10px;\n\t\t\t\ttext-align: center;\n\t\t\t\twidth: 33%;\n\t\t\t}\n\t\t\t#gallery-1 img {\n\t\t\t\tborder: 2px solid #cfcfcf;\n\t\t\t}\n\t\t\t#gallery-1 .gallery-caption {\n\t\t\t\tmargin-left: 0;\n\t\t\t}\n\t\t\t\/* see gallery_shortcode() in wp-includes\/media.php *\/\n\t\t<\/style>\n\t\t<div id='gallery-1' class='gallery galleryid-1728 gallery-columns-3 gallery-size-full'><dl class='gallery-item'>\n\t\t\t<dt class='gallery-icon landscape'>\n\t\t\t\t<a data-elementor-open-lightbox=\"yes\" data-elementor-lightbox-slideshow=\"f005d52\" data-elementor-lightbox-title=\"hotelhascave7\" data-e-action-hash=\"#elementor-action%3Aaction%3Dlightbox%26settings%3DeyJpZCI6NzA0NSwidXJsIjoiaHR0cHM6XC9cL2hhc3NlY2F2ZWtvbmFrLmNvbVwvd3AtY29udGVudFwvdXBsb2Fkc1wvMjAyNFwvMDNcL2hvdGVsaGFzY2F2ZTcuanBnIiwic2xpZGVzaG93IjoiZjAwNWQ1MiJ9\" href='https:\/\/hassecavekonak.com\/wp-content\/uploads\/2024\/03\/hotelhascave7.jpg'><img fetchpriority=\"high\" decoding=\"async\" width=\"1920\" height=\"1080\" src=\"https:\/\/hassecavekonak.com\/wp-content\/uploads\/2024\/03\/hotelhascave7.jpg\" class=\"attachment-full size-full\" alt=\"\" srcset=\"https:\/\/hassecavekonak.com\/wp-content\/uploads\/2024\/03\/hotelhascave7.jpg 1920w, https:\/\/hassecavekonak.com\/wp-content\/uploads\/2024\/03\/hotelhascave7-300x169.jpg 300w, https:\/\/hassecavekonak.com\/wp-content\/uploads\/2024\/03\/hotelhascave7-1024x576.jpg 1024w, https:\/\/hassecavekonak.com\/wp-content\/uploads\/2024\/03\/hotelhascave7-768x432.jpg 768w, https:\/\/hassecavekonak.com\/wp-content\/uploads\/2024\/03\/hotelhascave7-1536x864.jpg 1536w, https:\/\/hassecavekonak.com\/wp-content\/uploads\/2024\/03\/hotelhascave7-600x338.jpg 600w\" sizes=\"(max-width: 1920px) 100vw, 1920px\" \/><\/a>\n\t\t\t<\/dt><\/dl><dl class='gallery-item'>\n\t\t\t<dt class='gallery-icon landscape'>\n\t\t\t\t<a data-elementor-open-lightbox=\"yes\" data-elementor-lightbox-slideshow=\"f005d52\" data-elementor-lightbox-title=\"hotelhascave6\" data-e-action-hash=\"#elementor-action%3Aaction%3Dlightbox%26settings%3DeyJpZCI6NzA0NCwidXJsIjoiaHR0cHM6XC9cL2hhc3NlY2F2ZWtvbmFrLmNvbVwvd3AtY29udGVudFwvdXBsb2Fkc1wvMjAyNFwvMDNcL2hvdGVsaGFzY2F2ZTYuanBnIiwic2xpZGVzaG93IjoiZjAwNWQ1MiJ9\" href='https:\/\/hassecavekonak.com\/wp-content\/uploads\/2024\/03\/hotelhascave6.jpg'><img decoding=\"async\" width=\"1920\" height=\"1080\" src=\"https:\/\/hassecavekonak.com\/wp-content\/uploads\/2024\/03\/hotelhascave6.jpg\" class=\"attachment-full size-full\" alt=\"\" srcset=\"https:\/\/hassecavekonak.com\/wp-content\/uploads\/2024\/03\/hotelhascave6.jpg 1920w, https:\/\/hassecavekonak.com\/wp-content\/uploads\/2024\/03\/hotelhascave6-300x169.jpg 300w, https:\/\/hassecavekonak.com\/wp-content\/uploads\/2024\/03\/hotelhascave6-1024x576.jpg 1024w, https:\/\/hassecavekonak.com\/wp-content\/uploads\/2024\/03\/hotelhascave6-768x432.jpg 768w, https:\/\/hassecavekonak.com\/wp-content\/uploads\/2024\/03\/hotelhascave6-1536x864.jpg 1536w, https:\/\/hassecavekonak.com\/wp-content\/uploads\/2024\/03\/hotelhascave6-600x338.jpg 600w\" sizes=\"(max-width: 1920px) 100vw, 1920px\" \/><\/a>\n\t\t\t<\/dt><\/dl><dl class='gallery-item'>\n\t\t\t<dt class='gallery-icon landscape'>\n\t\t\t\t<a data-elementor-open-lightbox=\"yes\" data-elementor-lightbox-slideshow=\"f005d52\" data-elementor-lightbox-title=\"hotelhascave8\" data-e-action-hash=\"#elementor-action%3Aaction%3Dlightbox%26settings%3DeyJpZCI6NzA0NiwidXJsIjoiaHR0cHM6XC9cL2hhc3NlY2F2ZWtvbmFrLmNvbVwvd3AtY29udGVudFwvdXBsb2Fkc1wvMjAyNFwvMDNcL2hvdGVsaGFzY2F2ZTguanBnIiwic2xpZGVzaG93IjoiZjAwNWQ1MiJ9\" href='https:\/\/hassecavekonak.com\/wp-content\/uploads\/2024\/03\/hotelhascave8.jpg'><img decoding=\"async\" width=\"1920\" height=\"1080\" src=\"https:\/\/hassecavekonak.com\/wp-content\/uploads\/2024\/03\/hotelhascave8.jpg\" class=\"attachment-full size-full\" alt=\"\" srcset=\"https:\/\/hassecavekonak.com\/wp-content\/uploads\/2024\/03\/hotelhascave8.jpg 1920w, https:\/\/hassecavekonak.com\/wp-content\/uploads\/2024\/03\/hotelhascave8-300x169.jpg 300w, https:\/\/hassecavekonak.com\/wp-content\/uploads\/2024\/03\/hotelhascave8-1024x576.jpg 1024w, https:\/\/hassecavekonak.com\/wp-content\/uploads\/2024\/03\/hotelhascave8-768x432.jpg 768w, https:\/\/hassecavekonak.com\/wp-content\/uploads\/2024\/03\/hotelhascave8-1536x864.jpg 1536w, https:\/\/hassecavekonak.com\/wp-content\/uploads\/2024\/03\/hotelhascave8-600x338.jpg 600w\" sizes=\"(max-width: 1920px) 100vw, 1920px\" \/><\/a>\n\t\t\t<\/dt><\/dl><br style=\"clear: both\" \/><dl class='gallery-item'>\n\t\t\t<dt class='gallery-icon landscape'>\n\t\t\t\t<a data-elementor-open-lightbox=\"yes\" data-elementor-lightbox-slideshow=\"f005d52\" data-elementor-lightbox-title=\"hotel33\" data-e-action-hash=\"#elementor-action%3Aaction%3Dlightbox%26settings%3DeyJpZCI6NzA0OCwidXJsIjoiaHR0cHM6XC9cL2hhc3NlY2F2ZWtvbmFrLmNvbVwvd3AtY29udGVudFwvdXBsb2Fkc1wvMjAyNFwvMDNcL2hvdGVsMzMuanBnIiwic2xpZGVzaG93IjoiZjAwNWQ1MiJ9\" href='https:\/\/hassecavekonak.com\/wp-content\/uploads\/2024\/03\/hotel33.jpg'><img loading=\"lazy\" decoding=\"async\" width=\"1920\" height=\"1080\" src=\"https:\/\/hassecavekonak.com\/wp-content\/uploads\/2024\/03\/hotel33.jpg\" class=\"attachment-full size-full\" alt=\"\" srcset=\"https:\/\/hassecavekonak.com\/wp-content\/uploads\/2024\/03\/hotel33.jpg 1920w, https:\/\/hassecavekonak.com\/wp-content\/uploads\/2024\/03\/hotel33-300x169.jpg 300w, https:\/\/hassecavekonak.com\/wp-content\/uploads\/2024\/03\/hotel33-1024x576.jpg 1024w, https:\/\/hassecavekonak.com\/wp-content\/uploads\/2024\/03\/hotel33-768x432.jpg 768w, https:\/\/hassecavekonak.com\/wp-content\/uploads\/2024\/03\/hotel33-1536x864.jpg 1536w, https:\/\/hassecavekonak.com\/wp-content\/uploads\/2024\/03\/hotel33-600x338.jpg 600w\" sizes=\"(max-width: 1920px) 100vw, 1920px\" \/><\/a>\n\t\t\t<\/dt><\/dl><dl class='gallery-item'>\n\t\t\t<dt class='gallery-icon landscape'>\n\t\t\t\t<a data-elementor-open-lightbox=\"yes\" data-elementor-lightbox-slideshow=\"f005d52\" data-elementor-lightbox-title=\"hotel34\" data-e-action-hash=\"#elementor-action%3Aaction%3Dlightbox%26settings%3DeyJpZCI6NzA0OSwidXJsIjoiaHR0cHM6XC9cL2hhc3NlY2F2ZWtvbmFrLmNvbVwvd3AtY29udGVudFwvdXBsb2Fkc1wvMjAyNFwvMDNcL2hvdGVsMzQuanBnIiwic2xpZGVzaG93IjoiZjAwNWQ1MiJ9\" href='https:\/\/hassecavekonak.com\/wp-content\/uploads\/2024\/03\/hotel34.jpg'><img loading=\"lazy\" decoding=\"async\" width=\"1920\" height=\"1080\" src=\"https:\/\/hassecavekonak.com\/wp-content\/uploads\/2024\/03\/hotel34.jpg\" class=\"attachment-full size-full\" alt=\"\" srcset=\"https:\/\/hassecavekonak.com\/wp-content\/uploads\/2024\/03\/hotel34.jpg 1920w, https:\/\/hassecavekonak.com\/wp-content\/uploads\/2024\/03\/hotel34-300x169.jpg 300w, https:\/\/hassecavekonak.com\/wp-content\/uploads\/2024\/03\/hotel34-1024x576.jpg 1024w, https:\/\/hassecavekonak.com\/wp-content\/uploads\/2024\/03\/hotel34-768x432.jpg 768w, https:\/\/hassecavekonak.com\/wp-content\/uploads\/2024\/03\/hotel34-1536x864.jpg 1536w, https:\/\/hassecavekonak.com\/wp-content\/uploads\/2024\/03\/hotel34-600x338.jpg 600w\" sizes=\"(max-width: 1920px) 100vw, 1920px\" \/><\/a>\n\t\t\t<\/dt><\/dl><dl class='gallery-item'>\n\t\t\t<dt class='gallery-icon landscape'>\n\t\t\t\t<a data-elementor-open-lightbox=\"yes\" data-elementor-lightbox-slideshow=\"f005d52\" data-elementor-lightbox-title=\"hotel35\" data-e-action-hash=\"#elementor-action%3Aaction%3Dlightbox%26settings%3DeyJpZCI6NzA1MCwidXJsIjoiaHR0cHM6XC9cL2hhc3NlY2F2ZWtvbmFrLmNvbVwvd3AtY29udGVudFwvdXBsb2Fkc1wvMjAyNFwvMDNcL2hvdGVsMzUuanBnIiwic2xpZGVzaG93IjoiZjAwNWQ1MiJ9\" href='https:\/\/hassecavekonak.com\/wp-content\/uploads\/2024\/03\/hotel35.jpg'><img loading=\"lazy\" decoding=\"async\" width=\"1920\" height=\"1080\" src=\"https:\/\/hassecavekonak.com\/wp-content\/uploads\/2024\/03\/hotel35.jpg\" class=\"attachment-full size-full\" alt=\"\" srcset=\"https:\/\/hassecavekonak.com\/wp-content\/uploads\/2024\/03\/hotel35.jpg 1920w, https:\/\/hassecavekonak.com\/wp-content\/uploads\/2024\/03\/hotel35-300x169.jpg 300w, https:\/\/hassecavekonak.com\/wp-content\/uploads\/2024\/03\/hotel35-1024x576.jpg 1024w, https:\/\/hassecavekonak.com\/wp-content\/uploads\/2024\/03\/hotel35-768x432.jpg 768w, https:\/\/hassecavekonak.com\/wp-content\/uploads\/2024\/03\/hotel35-1536x864.jpg 1536w, https:\/\/hassecavekonak.com\/wp-content\/uploads\/2024\/03\/hotel35-600x338.jpg 600w\" sizes=\"(max-width: 1920px) 100vw, 1920px\" \/><\/a>\n\t\t\t<\/dt><\/dl><br style=\"clear: both\" \/><dl class='gallery-item'>\n\t\t\t<dt class='gallery-icon landscape'>\n\t\t\t\t<a data-elementor-open-lightbox=\"yes\" data-elementor-lightbox-slideshow=\"f005d52\" data-elementor-lightbox-title=\"restaurant3\" data-e-action-hash=\"#elementor-action%3Aaction%3Dlightbox%26settings%3DeyJpZCI6NzA1MiwidXJsIjoiaHR0cHM6XC9cL2hhc3NlY2F2ZWtvbmFrLmNvbVwvd3AtY29udGVudFwvdXBsb2Fkc1wvMjAyNFwvMDNcL3Jlc3RhdXJhbnQzLmpwZyIsInNsaWRlc2hvdyI6ImYwMDVkNTIifQ%3D%3D\" href='https:\/\/hassecavekonak.com\/wp-content\/uploads\/2024\/03\/restaurant3.jpg'><img loading=\"lazy\" decoding=\"async\" width=\"1920\" height=\"1080\" src=\"https:\/\/hassecavekonak.com\/wp-content\/uploads\/2024\/03\/restaurant3.jpg\" class=\"attachment-full size-full\" alt=\"\" srcset=\"https:\/\/hassecavekonak.com\/wp-content\/uploads\/2024\/03\/restaurant3.jpg 1920w, https:\/\/hassecavekonak.com\/wp-content\/uploads\/2024\/03\/restaurant3-300x169.jpg 300w, https:\/\/hassecavekonak.com\/wp-content\/uploads\/2024\/03\/restaurant3-1024x576.jpg 1024w, https:\/\/hassecavekonak.com\/wp-content\/uploads\/2024\/03\/restaurant3-768x432.jpg 768w, https:\/\/hassecavekonak.com\/wp-content\/uploads\/2024\/03\/restaurant3-1536x864.jpg 1536w, https:\/\/hassecavekonak.com\/wp-content\/uploads\/2024\/03\/restaurant3-600x338.jpg 600w\" sizes=\"(max-width: 1920px) 100vw, 1920px\" \/><\/a>\n\t\t\t<\/dt><\/dl><dl class='gallery-item'>\n\t\t\t<dt class='gallery-icon landscape'>\n\t\t\t\t<a data-elementor-open-lightbox=\"yes\" data-elementor-lightbox-slideshow=\"f005d52\" data-elementor-lightbox-title=\"restaurant2\" data-e-action-hash=\"#elementor-action%3Aaction%3Dlightbox%26settings%3DeyJpZCI6NzA1MSwidXJsIjoiaHR0cHM6XC9cL2hhc3NlY2F2ZWtvbmFrLmNvbVwvd3AtY29udGVudFwvdXBsb2Fkc1wvMjAyNFwvMDNcL3Jlc3RhdXJhbnQyLmpwZyIsInNsaWRlc2hvdyI6ImYwMDVkNTIifQ%3D%3D\" href='https:\/\/hassecavekonak.com\/wp-content\/uploads\/2024\/03\/restaurant2.jpg'><img loading=\"lazy\" decoding=\"async\" width=\"1920\" height=\"1080\" src=\"https:\/\/hassecavekonak.com\/wp-content\/uploads\/2024\/03\/restaurant2.jpg\" class=\"attachment-full size-full\" alt=\"\" srcset=\"https:\/\/hassecavekonak.com\/wp-content\/uploads\/2024\/03\/restaurant2.jpg 1920w, https:\/\/hassecavekonak.com\/wp-content\/uploads\/2024\/03\/restaurant2-300x169.jpg 300w, https:\/\/hassecavekonak.com\/wp-content\/uploads\/2024\/03\/restaurant2-1024x576.jpg 1024w, https:\/\/hassecavekonak.com\/wp-content\/uploads\/2024\/03\/restaurant2-768x432.jpg 768w, https:\/\/hassecavekonak.com\/wp-content\/uploads\/2024\/03\/restaurant2-1536x864.jpg 1536w, https:\/\/hassecavekonak.com\/wp-content\/uploads\/2024\/03\/restaurant2-600x338.jpg 600w\" sizes=\"(max-width: 1920px) 100vw, 1920px\" \/><\/a>\n\t\t\t<\/dt><\/dl><dl class='gallery-item'>\n\t\t\t<dt class='gallery-icon landscape'>\n\t\t\t\t<a data-elementor-open-lightbox=\"yes\" data-elementor-lightbox-slideshow=\"f005d52\" data-elementor-lightbox-title=\"restaurant\" data-e-action-hash=\"#elementor-action%3Aaction%3Dlightbox%26settings%3DeyJpZCI6NzA0NywidXJsIjoiaHR0cHM6XC9cL2hhc3NlY2F2ZWtvbmFrLmNvbVwvd3AtY29udGVudFwvdXBsb2Fkc1wvMjAyNFwvMDNcL3Jlc3RhdXJhbnQuanBnIiwic2xpZGVzaG93IjoiZjAwNWQ1MiJ9\" href='https:\/\/hassecavekonak.com\/wp-content\/uploads\/2024\/03\/restaurant.jpg'><img loading=\"lazy\" decoding=\"async\" width=\"1920\" height=\"1080\" src=\"https:\/\/hassecavekonak.com\/wp-content\/uploads\/2024\/03\/restaurant.jpg\" class=\"attachment-full size-full\" alt=\"\" srcset=\"https:\/\/hassecavekonak.com\/wp-content\/uploads\/2024\/03\/restaurant.jpg 1920w, https:\/\/hassecavekonak.com\/wp-content\/uploads\/2024\/03\/restaurant-300x169.jpg 300w, https:\/\/hassecavekonak.com\/wp-content\/uploads\/2024\/03\/restaurant-1024x576.jpg 1024w, https:\/\/hassecavekonak.com\/wp-content\/uploads\/2024\/03\/restaurant-768x432.jpg 768w, https:\/\/hassecavekonak.com\/wp-content\/uploads\/2024\/03\/restaurant-1536x864.jpg 1536w, https:\/\/hassecavekonak.com\/wp-content\/uploads\/2024\/03\/restaurant-600x338.jpg 600w\" sizes=\"(max-width: 1920px) 100vw, 1920px\" \/><\/a>\n\t\t\t<\/dt><\/dl><br style=\"clear: both\" \/>\n\t\t<\/div>\n\t\t<\/div>\n\t\t\t\t<\/div>\n\t\t\t\t<\/div>\n\t\t\t\t\t<\/div>\n\t\t<\/div>\n\t\t\t\t\t<\/div>\n\t\t<\/section>\n\t\t\t\t<\/div>\n\t\t","protected":false},"excerpt":{"rendered":"<p>Restaurant Restaurant G\u00fcn\u00fcn\u00fcz\u00fc dolu dolu ge\u00e7irmenin s\u0131rr\u0131 m\u00fckemmel bir kahvalt\u0131dan ge\u00e7er. Sabah 8.30 ile 10.30 aras\u0131nda a\u00e7\u0131k b\u00fcfe kahvalt\u0131m\u0131za bekleriz.<\/p>\n","protected":false},"author":1,"featured_media":0,"parent":0,"menu_order":0,"comment_status":"closed","ping_status":"closed","template":"","meta":{"footnotes":""},"class_list":["post-1728","page","type-page","status-publish","hentry"],"_links":{"self":[{"href":"https:\/\/hassecavekonak.com\/index.php\/wp-json\/wp\/v2\/pages\/1728","targetHints":{"allow":["GET"]}}],"collection":[{"href":"https:\/\/hassecavekonak.com\/index.php\/wp-json\/wp\/v2\/pages"}],"about":[{"href":"https:\/\/hassecavekonak.com\/index.php\/wp-json\/wp\/v2\/types\/page"}],"author":[{"embeddable":true,"href":"https:\/\/hassecavekonak.com\/index.php\/wp-json\/wp\/v2\/users\/1"}],"replies":[{"embeddable":true,"href":"https:\/\/hassecavekonak.com\/index.php\/wp-json\/wp\/v2\/comments?post=1728"}],"version-history":[{"count":34,"href":"https:\/\/hassecavekonak.com\/index.php\/wp-json\/wp\/v2\/pages\/1728\/revisions"}],"predecessor-version":[{"id":7676,"href":"https:\/\/hassecavekonak.com\/index.php\/wp-json\/wp\/v2\/pages\/1728\/revisions\/7676"}],"wp:attachment":[{"href":"https:\/\/hassecavekonak.com\/index.php\/wp-json\/wp\/v2\/media?parent=1728"}],"curies":[{"name":"wp","href":"https:\/\/api.w.org\/{rel}","templated":true}]}}